{"id":1388,"date":"2011-04-01T13:38:04","date_gmt":"2011-04-01T11:38:04","guid":{"rendered":"http:\/\/www.kartingvaals.nl\/?page_id=1388"},"modified":"2025-03-27T12:13:48","modified_gmt":"2025-03-27T11:13:48","slug":"einzigartige-outdoor-kartbahn","status":"publish","type":"page","link":"https:\/\/kartingvaals.nl\/de\/ausstattung\/einzigartige-outdoor-kartbahn\/","title":{"rendered":"Einzigartige Outdoor Kartbahn"},"content":{"rendered":"\n<style type=\"text\/css\" data-created_by=\"avia_inline_auto\" id=\"style-css-av-138lxt8-0f38fa03882aa3984909ef4cf86a7ec7\">\n.avia-section.av-138lxt8-0f38fa03882aa3984909ef4cf86a7ec7{\nbackground-color:#ffffff;\n}\n<\/style>\n<div id='av_section_1'  class='avia-section av-138lxt8-0f38fa03882aa3984909ef4cf86a7ec7 alternate_color avia-section-default avia-no-shadow  avia-builder-el-0  el_before_av_section  avia-builder-el-first  avia-bg-style-parallax av-minimum-height av-minimum-height-25  container_wrap sidebar_right'   data-av_minimum_height_pc='25'><div class='container av-section-cont-open' ><main  role=\"main\" itemprop=\"mainContentOfPage\"  class='template-page content  av-content-small alpha units'><div class='post-entry post-entry-type-page post-entry-1388'><div class='entry-content-wrapper clearfix'>\n\n<style type=\"text\/css\" data-created_by=\"avia_inline_auto\" id=\"style-css-av-11kwszg-f3c7a01c3cc7951b6179f4b63f91722f\">\n.flex_column.av-11kwszg-f3c7a01c3cc7951b6179f4b63f91722f{\nborder-radius:0px 0px 0px 0px;\n-webkit-border-radius:0px 0px 0px 0px;\n-moz-border-radius:0px 0px 0px 0px;\n}\n<\/style>\n<div class='flex_column av-11kwszg-f3c7a01c3cc7951b6179f4b63f91722f av_one_third  avia-builder-el-1  el_before_av_two_third  avia-builder-el-first  first flex_column_div av-zero-column-padding '   ><style type=\"text\/css\" data-created_by=\"avia_inline_auto\" id=\"style-css-av-3hncks-6d3260854e2b49581e9ac424c4ced80e\">\n.avia-image-container.av-3hncks-6d3260854e2b49581e9ac424c4ced80e .av-image-caption-overlay-center{\ncolor:#ffffff;\n}\n<\/style>\n<div  class='avia-image-container av-3hncks-6d3260854e2b49581e9ac424c4ced80e av-styling- avia-align-center  avia-builder-el-2  avia-builder-el-no-sibling '  itemprop=\"image\" itemscope=\"itemscope\" itemtype=\"https:\/\/schema.org\/ImageObject\" ><div class=\"avia-image-container-inner\"><div class=\"avia-image-overlay-wrap\"><img decoding=\"async\" class='wp-image-4019 avia-img-lazy-loading-not-4019 avia_image' src=\"https:\/\/kartingvaals.nl\/wp-content\/uploads\/index.jpg\" alt='' title='index'  height=\"480\" width=\"640\"  itemprop=\"thumbnailUrl\" srcset=\"https:\/\/kartingvaals.nl\/wp-content\/uploads\/index.jpg 640w, https:\/\/kartingvaals.nl\/wp-content\/uploads\/index-300x225.jpg 300w\" sizes=\"(max-width: 640px) 100vw, 640px\" \/><\/div><\/div><\/div><\/div>\n<style type=\"text\/css\" data-created_by=\"avia_inline_auto\" id=\"style-css-av-y5q7x8-b8f17a4b07bb24c167514dfd5f540516\">\n.flex_column.av-y5q7x8-b8f17a4b07bb24c167514dfd5f540516{\nborder-radius:0px 0px 0px 0px;\n-webkit-border-radius:0px 0px 0px 0px;\n-moz-border-radius:0px 0px 0px 0px;\n}\n<\/style>\n<div class='flex_column av-y5q7x8-b8f17a4b07bb24c167514dfd5f540516 av_two_third  avia-builder-el-3  el_after_av_one_third  avia-builder-el-last  flex_column_div av-zero-column-padding '   ><section  class='av_textblock_section av-wvb9lo-236ce9efd5baf3c833286371a259b362'  itemscope=\"itemscope\" itemtype=\"https:\/\/schema.org\/CreativeWork\" ><div class='avia_textblock'  itemprop=\"text\" ><h1><b>Einzigartige Outdoor Kartbahn<\/b><\/h1>\n<p>Die Kartbahn ist 614m lang und liegt im wundersch\u00f6nen Selzerbeekdal in Vaals im S\u00fcden der Niederl\u00e4ndischen Provinz Limburg, mit Blick auf den Deutschen Schneeberg bei Aachen. Schnelle Kurven, eine Haarnadelkurve und der nat\u00fcrliche H\u00f6heunterschied des Limburger H\u00fcgellands sorgen bei Outdoor Karting Vaals f\u00fcr ein Maximum an Spannung und Sensation.<\/p>\n<p>Outdoor Karting Vaals verf\u00fcgt neben 14 super schnelle Karts f\u00fcr Erwachsenen auch \u00fcber Mini Karts f\u00fcr Kinder und ein Duo-Kart, f\u00fcr Kinder die noch zu klein sind und f\u00fcr Menschen die wegen einer Behinderung nicht selbstst\u00e4nding fahren k\u00f6nnen.<\/p>\n<\/div><\/section><\/div>\n\n<\/div><\/div><\/main><!-- close content main element --><\/div><\/div><div id='av_section_2'  class='avia-section av-uo9rbw-b6cd92de3fdf1eafaf0ba22b130066c3 main_color avia-section-default avia-no-shadow  avia-builder-el-5  el_after_av_section  el_before_av_icon_box  avia-bg-style-scroll container_wrap sidebar_right'  ><div class='container av-section-cont-open' ><div class='template-page content  av-content-small alpha units'><div class='post-entry post-entry-type-page post-entry-1388'><div class='entry-content-wrapper clearfix'>\n\n<style type=\"text\/css\" data-created_by=\"avia_inline_auto\" id=\"style-css-av-taokcs-5e6184a0ad3d3b5cb201c714c468c59c\">\n#top .av-special-heading.av-taokcs-5e6184a0ad3d3b5cb201c714c468c59c{\npadding-bottom:20px;\ncolor:#000000;\n}\nbody .av-special-heading.av-taokcs-5e6184a0ad3d3b5cb201c714c468c59c .av-special-heading-tag .heading-char{\nfont-size:25px;\n}\n.av-special-heading.av-taokcs-5e6184a0ad3d3b5cb201c714c468c59c .special-heading-inner-border{\nborder-color:#000000;\n}\n.av-special-heading.av-taokcs-5e6184a0ad3d3b5cb201c714c468c59c .av-subheading{\nfont-size:15px;\n}\n<\/style>\n<div  class='av-special-heading av-taokcs-5e6184a0ad3d3b5cb201c714c468c59c av-special-heading-h1 custom-color-heading blockquote modern-quote  avia-builder-el-6  el_before_av_one_third  avia-builder-el-first  av-thin-font'><h1 class='av-special-heading-tag'  itemprop=\"headline\"  ><strong>Unsere Karts<\/strong><\/h1><div class=\"special-heading-border\"><div class=\"special-heading-inner-border\"><\/div><\/div><\/div>\n\n<style type=\"text\/css\" data-created_by=\"avia_inline_auto\" id=\"style-css-av-rar6rg-9e1ea72094311ebe44f3dd3a5b2b822f\">\n.flex_column.av-rar6rg-9e1ea72094311ebe44f3dd3a5b2b822f{\nborder-radius:0px 0px 0px 0px;\n-webkit-border-radius:0px 0px 0px 0px;\n-moz-border-radius:0px 0px 0px 0px;\n}\n<\/style>\n<div class='flex_column av-rar6rg-9e1ea72094311ebe44f3dd3a5b2b822f av_one_third  avia-builder-el-7  el_after_av_heading  el_before_av_one_third  first flex_column_div av-zero-column-padding '   ><section  class='av_textblock_section av-pwvpf0-e0a94a79c17085f9e06c6889a01d39ea'  itemscope=\"itemscope\" itemtype=\"https:\/\/schema.org\/CreativeWork\" ><div class='avia_textblock'  itemprop=\"text\" ><h2>Gro\u00dfe Karts<\/h2>\n<h3><em>F\u00fcr Personen ab\u00a0160 cm<\/em><\/h3>\n<\/div><\/section><br \/>\n\n<style type=\"text\/css\" data-created_by=\"avia_inline_auto\" id=\"style-css-av-2d4dfg-557051472f49d77aca2336bcef21ed33\">\n#top .hr.hr-invisible.av-2d4dfg-557051472f49d77aca2336bcef21ed33{\nheight:30px;\n}\n<\/style>\n<div  class='hr av-2d4dfg-557051472f49d77aca2336bcef21ed33 hr-invisible  avia-builder-el-9  el_after_av_textblock  el_before_av_image '><span class='hr-inner '><span class=\"hr-inner-style\"><\/span><\/span><\/div><br \/>\n\n<style type=\"text\/css\" data-created_by=\"avia_inline_auto\" id=\"style-css-av-lzlyzw-0a086735bb41657d9616f4aa7e3a688e\">\n.avia-image-container.av-lzlyzw-0a086735bb41657d9616f4aa7e3a688e .av-image-caption-overlay-center{\ncolor:#ffffff;\n}\n<\/style>\n<div  class='avia-image-container av-lzlyzw-0a086735bb41657d9616f4aa7e3a688e av-styling-no-styling avia-align-center  avia-builder-el-10  el_after_av_hr  el_before_av_textblock '  itemprop=\"image\" itemscope=\"itemscope\" itemtype=\"https:\/\/schema.org\/ImageObject\" ><div class=\"avia-image-container-inner\"><div class=\"avia-image-overlay-wrap\"><img decoding=\"async\" class='wp-image-4230 avia-img-lazy-loading-not-4230 avia_image' src=\"https:\/\/kartingvaals.nl\/wp-content\/uploads\/Foto-groot-kart-845x684.jpg\" alt='' title='Foto groot kart'  height=\"684\" width=\"845\"  itemprop=\"thumbnailUrl\" srcset=\"https:\/\/kartingvaals.nl\/wp-content\/uploads\/Foto-groot-kart-845x684.jpg 845w, https:\/\/kartingvaals.nl\/wp-content\/uploads\/Foto-groot-kart-495x400.jpg 495w\" sizes=\"(max-width: 845px) 100vw, 845px\" \/><\/div><\/div><\/div><br \/>\n<section  class='av_textblock_section av-lf7vj0-d48431d64996b7289870fa5d40b501b9'  itemscope=\"itemscope\" itemtype=\"https:\/\/schema.org\/CreativeWork\" ><div class='avia_textblock'  itemprop=\"text\" ><h2><\/h2>\n<table border=\"0\" width=\"400\" cellspacing=\"5\" cellpadding=\"0\">\n<tbody>\n<tr>\n<td><em><strong>Type<\/strong><\/em><\/td>\n<td>Kombikarts<\/td>\n<\/tr>\n<tr>\n<td><b><i>Anzahl<\/i><\/b><\/td>\n<td>14<\/td>\n<\/tr>\n<tr>\n<td><b><i>Motor<\/i><\/b><\/td>\n<td>Honda 200cc, 6,5 PK<\/td>\n<\/tr>\n<tr>\n<td><b><i>Neu seit<\/i><\/b><\/td>\n<td>April 2015<\/td>\n<\/tr>\n<\/tbody>\n<\/table>\n<p>Outdoor Karting Vaals verf\u00fcgt \u00fcber 14 Karts f\u00fcr Personen ab 160 cm. Diese sind in Zusammenarbeit mit Kombikart speziell entwickelt f\u00fcr unser Outdoor Circuit. Die Mindestl\u00e4nge ist sehr wichtig und wird immer vor Ort \u00fcberpr\u00fcft!<\/p>\n<p>Criteria:<\/p>\n<ul>\n<li>Mindestl\u00e4nge: 160 cm.<\/li>\n<li>Max. 1 Kissen im R\u00fccken<\/li>\n<\/ul>\n<p><span style=\"text-decoration: underline;\">Keine Ausnahmen!<\/span><\/p>\n<\/div><\/section><\/p><\/div>\n<style type=\"text\/css\" data-created_by=\"avia_inline_auto\" id=\"style-css-av-iq42rg-666602dbcff80201ff5c3d5c331c7830\">\n.flex_column.av-iq42rg-666602dbcff80201ff5c3d5c331c7830{\nborder-radius:0px 0px 0px 0px;\n-webkit-border-radius:0px 0px 0px 0px;\n-moz-border-radius:0px 0px 0px 0px;\n}\n<\/style>\n<div class='flex_column av-iq42rg-666602dbcff80201ff5c3d5c331c7830 av_one_third  avia-builder-el-12  el_after_av_one_third  el_before_av_one_third  flex_column_div av-zero-column-padding '   ><section  class='av_textblock_section av-1rq9nw-6e96409f7e4cfff1e425822be795421f'  itemscope=\"itemscope\" itemtype=\"https:\/\/schema.org\/CreativeWork\" ><div class='avia_textblock'  itemprop=\"text\" ><h2>Mini karts<\/h2>\n<h3>F\u00fcr Kinder ab 135 cm<\/h3>\n<\/div><\/section><br \/>\n\n<style type=\"text\/css\" data-created_by=\"avia_inline_auto\" id=\"style-css-av-fyc1ho-76eb696b3d0f3d9efa8b99a305f03ff1\">\n#top .hr.hr-invisible.av-fyc1ho-76eb696b3d0f3d9efa8b99a305f03ff1{\nheight:30px;\n}\n<\/style>\n<div  class='hr av-fyc1ho-76eb696b3d0f3d9efa8b99a305f03ff1 hr-invisible  avia-builder-el-14  el_after_av_textblock  el_before_av_image '><span class='hr-inner '><span class=\"hr-inner-style\"><\/span><\/span><\/div><br \/>\n\n<style type=\"text\/css\" data-created_by=\"avia_inline_auto\" id=\"style-css-av-euv7ss-2b8bf24bf37e8527c198da56dc7be1bf\">\n.avia-image-container.av-euv7ss-2b8bf24bf37e8527c198da56dc7be1bf .av-image-caption-overlay-center{\ncolor:#ffffff;\n}\n<\/style>\n<div  class='avia-image-container av-euv7ss-2b8bf24bf37e8527c198da56dc7be1bf av-styling-no-styling avia-align-center  avia-builder-el-15  el_after_av_hr  el_before_av_textblock '  itemprop=\"image\" itemscope=\"itemscope\" itemtype=\"https:\/\/schema.org\/ImageObject\" ><div class=\"avia-image-container-inner\"><div class=\"avia-image-overlay-wrap\"><img decoding=\"async\" class='wp-image-4232 avia-img-lazy-loading-not-4232 avia_image' src=\"https:\/\/kartingvaals.nl\/wp-content\/uploads\/Foto-mini-kart-845x684.jpg\" alt='' title='Foto mini kart'  height=\"684\" width=\"845\"  itemprop=\"thumbnailUrl\" srcset=\"https:\/\/kartingvaals.nl\/wp-content\/uploads\/Foto-mini-kart-845x684.jpg 845w, https:\/\/kartingvaals.nl\/wp-content\/uploads\/Foto-mini-kart-495x400.jpg 495w\" sizes=\"(max-width: 845px) 100vw, 845px\" \/><\/div><\/div><\/div><br \/>\n<section  class='av_textblock_section av-d5fa64-053de8772d1336ab7e240a3d1384409e'  itemscope=\"itemscope\" itemtype=\"https:\/\/schema.org\/CreativeWork\" ><div class='avia_textblock'  itemprop=\"text\" ><h2><\/h2>\n<table border=\"0\" width=\"400\" cellspacing=\"5\" cellpadding=\"0\">\n<tbody>\n<tr>\n<td><em><strong>Type<\/strong><\/em><\/td>\n<td>Mini Kombikarts<\/td>\n<\/tr>\n<tr>\n<td><b><i>Anzahl<\/i><\/b><\/td>\n<td>9<\/td>\n<\/tr>\n<tr>\n<td><b><i>Motor<\/i><\/b><\/td>\n<td>Honda 120cc, 5,5 PK<\/td>\n<\/tr>\n<tr>\n<td><b><i>Neu seit<\/i><\/b><\/td>\n<td>April 2014<\/td>\n<\/tr>\n<\/tbody>\n<\/table>\n<p>Outdoor Karting Vaals verf\u00fcgt neben 14 grosse Karts auch \u00fcber 9 mini Karts f\u00fcr Kinder ab 135 cm. Es ist sehr wichtig dass die Kinder nicht zu klein sind!<\/p>\n<p>Criteria:<\/p>\n<ul>\n<li>Mindestalter: 7 Jahre; Mindestl\u00e4nge 135 cm.<\/li>\n<li>Max. 1 Kissen im R\u00fccken.<\/li>\n<li>Das Kind muss mit seinem R\u00fccken gegen das Kissen sitzen.<\/li>\n<li>Das Kind kann mit R\u00fccken gegen Kissen die Pedalen gut bedienen.<\/li>\n<\/ul>\n<p><span style=\"text-decoration: underline;\">Im zweifel messen wir vor Ort im Kart<br \/>\nKeine Ausnahmen!<\/span><\/p>\n<\/div><\/section><\/p><\/div>\n<style type=\"text\/css\" data-created_by=\"avia_inline_auto\" id=\"style-css-av-bg0mu4-97e40e690206bec3a1e6788919c656ea\">\n.flex_column.av-bg0mu4-97e40e690206bec3a1e6788919c656ea{\nborder-radius:0px 0px 0px 0px;\n-webkit-border-radius:0px 0px 0px 0px;\n-moz-border-radius:0px 0px 0px 0px;\n}\n<\/style>\n<div class='flex_column av-bg0mu4-97e40e690206bec3a1e6788919c656ea av_one_third  avia-builder-el-17  el_after_av_one_third  avia-builder-el-last  flex_column_div av-zero-column-padding '   ><section  class='av_textblock_section av-9n1ll8-02fb43139992fb61ea962aad887e120f'  itemscope=\"itemscope\" itemtype=\"https:\/\/schema.org\/CreativeWork\" ><div class='avia_textblock'  itemprop=\"text\" ><h2>Duo-Kart<\/h2>\n<h3>F\u00fcr\u00a02 Personen<\/h3>\n<\/div><\/section><br \/>\n\n<style type=\"text\/css\" data-created_by=\"avia_inline_auto\" id=\"style-css-av-7gvlks-d39a7489ba0a5cb08e70369580faa177\">\n#top .hr.hr-invisible.av-7gvlks-d39a7489ba0a5cb08e70369580faa177{\nheight:30px;\n}\n<\/style>\n<div  class='hr av-7gvlks-d39a7489ba0a5cb08e70369580faa177 hr-invisible  avia-builder-el-19  el_after_av_textblock  el_before_av_image '><span class='hr-inner '><span class=\"hr-inner-style\"><\/span><\/span><\/div><br \/>\n\n<style type=\"text\/css\" data-created_by=\"avia_inline_auto\" id=\"style-css-av-5ewx3g-95aa45adaa3dabcdee673e59679f489b\">\n.avia-image-container.av-5ewx3g-95aa45adaa3dabcdee673e59679f489b .av-image-caption-overlay-center{\ncolor:#ffffff;\n}\n<\/style>\n<div  class='avia-image-container av-5ewx3g-95aa45adaa3dabcdee673e59679f489b av-styling-no-styling avia-align-center  avia-builder-el-20  el_after_av_hr  el_before_av_textblock '  itemprop=\"image\" itemscope=\"itemscope\" itemtype=\"https:\/\/schema.org\/ImageObject\" ><div class=\"avia-image-container-inner\"><div class=\"avia-image-overlay-wrap\"><img decoding=\"async\" class='wp-image-4229 avia-img-lazy-loading-not-4229 avia_image' src=\"https:\/\/kartingvaals.nl\/wp-content\/uploads\/Foto-duo-kart-845x684.jpg\" alt='' title='Foto duo kart'  height=\"684\" width=\"845\"  itemprop=\"thumbnailUrl\" srcset=\"https:\/\/kartingvaals.nl\/wp-content\/uploads\/Foto-duo-kart-845x684.jpg 845w, https:\/\/kartingvaals.nl\/wp-content\/uploads\/Foto-duo-kart-495x400.jpg 495w\" sizes=\"(max-width: 845px) 100vw, 845px\" \/><\/div><\/div><\/div><br \/>\n<section  class='av_textblock_section av-47kcjg-2a4318f26f3a5b9d16d1c9c7cc2943f0'  itemscope=\"itemscope\" itemtype=\"https:\/\/schema.org\/CreativeWork\" ><div class='avia_textblock'  itemprop=\"text\" ><h2><\/h2>\n<table border=\"0\" width=\"400\" cellspacing=\"5\" cellpadding=\"0\">\n<tbody>\n<tr>\n<td><em><strong>Type<\/strong><\/em><\/td>\n<td>Duokart Kombi<\/td>\n<\/tr>\n<tr>\n<td><b><i>Anzahl<\/i><\/b><\/td>\n<td>1<\/td>\n<\/tr>\n<tr>\n<td><b><i>Motor<\/i><\/b><\/td>\n<td>Honda 270cc, 9,5 PK<\/td>\n<\/tr>\n<tr>\n<td><b><i>Neu seit<\/i><\/b><\/td>\n<td>April 2013<\/td>\n<\/tr>\n<\/tbody>\n<\/table>\n<p>Das Duo-Kart eignet sich besonders f\u00fcr Menschen, die wegen einer Behinderung nicht selbstst\u00e4ndig fahren k\u00f6nnen. Auch f\u00fcr Kinder, die selbst noch zu klein sind oder sich noch nicht trauen alleine Gokart zu fahren.<\/p>\n<p>Bitte beachten Sie: der Fahrer des Duo-Karts muss mindestens 18 Jahre als und 1.60m Gross sein!<\/p>\n<\/div><\/section><\/p><\/div><\/div><\/div><\/div><!-- close content main div --><\/div><\/div><div id='after_section_2'  class='main_color av_default_container_wrap container_wrap sidebar_right'  ><div class='container av-section-cont-open' ><div class='template-page content  av-content-small alpha units'><div class='post-entry post-entry-type-page post-entry-1388'><div class='entry-content-wrapper clearfix'>\n<style type=\"text\/css\" data-created_by=\"avia_inline_auto\" id=\"style-css-av-2a4rz0-2846cb044fa010cde3bf8fb2de845f19\">\n.iconbox.av-2a4rz0-2846cb044fa010cde3bf8fb2de845f19 .iconbox_icon{\nbackground-color:#000000;\ncolor:#feeb34;\n}\n<\/style>\n<article  class='iconbox iconbox_top av-2a4rz0-2846cb044fa010cde3bf8fb2de845f19  avia-builder-el-22  el_after_av_section  avia-builder-el-no-sibling  main_color'  itemscope=\"itemscope\" itemtype=\"https:\/\/schema.org\/CreativeWork\" ><div class=\"iconbox_content\"><header class=\"entry-content-header\"><div class=\"iconbox_icon heading-color\" aria-hidden='true' data-av_icon='\ue81d' data-av_iconfont='entypo-fontello'><\/div><h3 class='iconbox_content_title '  itemprop=\"headline\" >Bis wann soll mein Kind in ein Kleines Kart fahren?<\/h3><\/header><div class='iconbox_content_container '  itemprop=\"text\" ><p>Die Mini Karts lenken\u00a0wesentlich leichter als die grossen Karts. Wir raten ihnen deshalb ihr Kind so lange wie m\u00f6glich in diese Karts fahren zu lassen. Ab 160 cm. und die richtige Beinl\u00e4nge, d\u00fcrfen die Kinder in ein grosses Kart fahren. Wir beraten Sie gerne.<\/p>\n<\/div><\/div><footer class=\"entry-footer\"><\/footer><\/article><\/p>\n","protected":false},"excerpt":{"rendered":"","protected":false},"author":18,"featured_media":0,"parent":1390,"menu_order":0,"comment_status":"closed","ping_status":"closed","template":"","meta":{"footnotes":"","_links_to":"","_links_to_target":""},"class_list":["post-1388","page","type-page","status-publish","hentry"],"_links":{"self":[{"href":"https:\/\/kartingvaals.nl\/de\/wp-json\/wp\/v2\/pages\/1388","targetHints":{"allow":["GET"]}}],"collection":[{"href":"https:\/\/kartingvaals.nl\/de\/wp-json\/wp\/v2\/pages"}],"about":[{"href":"https:\/\/kartingvaals.nl\/de\/wp-json\/wp\/v2\/types\/page"}],"author":[{"embeddable":true,"href":"https:\/\/kartingvaals.nl\/de\/wp-json\/wp\/v2\/users\/18"}],"replies":[{"embeddable":true,"href":"https:\/\/kartingvaals.nl\/de\/wp-json\/wp\/v2\/comments?post=1388"}],"version-history":[{"count":17,"href":"https:\/\/kartingvaals.nl\/de\/wp-json\/wp\/v2\/pages\/1388\/revisions"}],"predecessor-version":[{"id":5320,"href":"https:\/\/kartingvaals.nl\/de\/wp-json\/wp\/v2\/pages\/1388\/revisions\/5320"}],"up":[{"embeddable":true,"href":"https:\/\/kartingvaals.nl\/de\/wp-json\/wp\/v2\/pages\/1390"}],"wp:attachment":[{"href":"https:\/\/kartingvaals.nl\/de\/wp-json\/wp\/v2\/media?parent=1388"}],"curies":[{"name":"wp","href":"https:\/\/api.w.org\/{rel}","templated":true}]}}