{"id":1396,"date":"2013-04-26T14:20:20","date_gmt":"2013-04-26T12:20:20","guid":{"rendered":"http:\/\/www.kartingvaals.nl\/?page_id=1396"},"modified":"2013-04-26T17:59:42","modified_gmt":"2013-04-26T15:59:42","slug":"zweier-karts","status":"publish","type":"page","link":"https:\/\/kartingvaals.nl\/de\/ausstattung\/zweier-karts\/","title":{"rendered":"Zweier-Karts"},"content":{"rendered":"<p><img loading=\"lazy\" decoding=\"async\" class=\"size-large wp-image-239 alignright\" title=\"Duo- kart\" alt=\"\" src=\"https:\/\/kartingvaals.nl\/wp-content\/uploads\/P1040014-1024x768.jpg\" width=\"182\" height=\"138\" srcset=\"https:\/\/kartingvaals.nl\/wp-content\/uploads\/P1040014-1024x768.jpg 1024w, https:\/\/kartingvaals.nl\/wp-content\/uploads\/P1040014-300x225.jpg 300w\" sizes=\"auto, (max-width: 182px) 100vw, 182px\" \/>Das Zweier Kart (auch Doppel oder Duo Kart genannt) eignet sich besonders f\u00fcr Menschen, die aufgrund einer k\u00f6rperlichen Behinderung nicht selbstst\u00e4ndig fahren k\u00f6nnen, oder f\u00fcr Kinder, die selbst noch zu klein sind oder sich noch nicht trauen, alleine Gokart zu fahren.<\/p>\n<p>&nbsp;<\/p>\n","protected":false},"excerpt":{"rendered":"<p>Das Zweier Kart (auch Doppel oder Duo Kart genannt) eignet sich besonders f\u00fcr Menschen, die aufgrund einer k\u00f6rperlichen Behinderung nicht selbstst\u00e4ndig fahren k\u00f6nnen, oder f\u00fcr Kinder, die selbst noch zu klein sind oder sich noch nicht trauen, alleine Gokart zu fahren. &nbsp;<\/p>\n","protected":false},"author":18,"featured_media":0,"parent":1390,"menu_order":4,"comment_status":"closed","ping_status":"closed","template":"","meta":{"footnotes":"","_links_to":"","_links_to_target":""},"class_list":["post-1396","page","type-page","status-publish","hentry"],"_links":{"self":[{"href":"https:\/\/kartingvaals.nl\/de\/wp-json\/wp\/v2\/pages\/1396","targetHints":{"allow":["GET"]}}],"collection":[{"href":"https:\/\/kartingvaals.nl\/de\/wp-json\/wp\/v2\/pages"}],"about":[{"href":"https:\/\/kartingvaals.nl\/de\/wp-json\/wp\/v2\/types\/page"}],"author":[{"embeddable":true,"href":"https:\/\/kartingvaals.nl\/de\/wp-json\/wp\/v2\/users\/18"}],"replies":[{"embeddable":true,"href":"https:\/\/kartingvaals.nl\/de\/wp-json\/wp\/v2\/comments?post=1396"}],"version-history":[{"count":3,"href":"https:\/\/kartingvaals.nl\/de\/wp-json\/wp\/v2\/pages\/1396\/revisions"}],"predecessor-version":[{"id":3087,"href":"https:\/\/kartingvaals.nl\/de\/wp-json\/wp\/v2\/pages\/1396\/revisions\/3087"}],"up":[{"embeddable":true,"href":"https:\/\/kartingvaals.nl\/de\/wp-json\/wp\/v2\/pages\/1390"}],"wp:attachment":[{"href":"https:\/\/kartingvaals.nl\/de\/wp-json\/wp\/v2\/media?parent=1396"}],"curies":[{"name":"wp","href":"https:\/\/api.w.org\/{rel}","templated":true}]}}