{"id":1398,"date":"2011-03-31T13:36:34","date_gmt":"2011-03-31T11:36:34","guid":{"rendered":"http:\/\/www.kartingvaals.nl\/?page_id=1398"},"modified":"2019-07-12T15:58:46","modified_gmt":"2019-07-12T13:58:46","slug":"arrangements","status":"publish","type":"page","link":"https:\/\/kartingvaals.nl\/de\/arrangements\/","title":{"rendered":"Arrangements"},"content":{"rendered":"<div id='av_section_1'  class='avia-section av-av_section-87fbd8d26c8ac17d06967655d546fb33 alternate_color avia-section-default avia-no-shadow  avia-builder-el-0  el_before_av_section  avia-builder-el-first  avia-bg-style-scroll container_wrap sidebar_right'  ><div class='container av-section-cont-open' ><main  role=\"main\" itemprop=\"mainContentOfPage\"  class='template-page content  av-content-small alpha units'><div class='post-entry post-entry-type-page post-entry-1398'><div class='entry-content-wrapper clearfix'>\n\n<style type=\"text\/css\" data-created_by=\"avia_inline_auto\" id=\"style-css-av-av_heading-e728942fe9b909d4b01c85bf4eaedfb4\">\n#top .av-special-heading.av-av_heading-e728942fe9b909d4b01c85bf4eaedfb4{\npadding-bottom:10px;\nfont-size:40px;\n}\nbody .av-special-heading.av-av_heading-e728942fe9b909d4b01c85bf4eaedfb4 .av-special-heading-tag .heading-char{\nfont-size:25px;\n}\n#top #wrap_all .av-special-heading.av-av_heading-e728942fe9b909d4b01c85bf4eaedfb4 .av-special-heading-tag{\nfont-size:40px;\n}\n.av-special-heading.av-av_heading-e728942fe9b909d4b01c85bf4eaedfb4 .av-subheading{\nfont-size:15px;\n}\n<\/style>\n<div  class='av-special-heading av-av_heading-e728942fe9b909d4b01c85bf4eaedfb4 av-special-heading-h1 blockquote modern-quote modern-centered  avia-builder-el-1  el_before_av_hr  avia-builder-el-first  av-thin-font av-inherit-size'><h1 class='av-special-heading-tag'  itemprop=\"headline\"  >W\u00e4hlen Sie ein unserer <strong>Arrangements<\/strong><\/h1><div class=\"special-heading-border\"><div class=\"special-heading-inner-border\"><\/div><\/div><\/div>\n\n<style type=\"text\/css\" data-created_by=\"avia_inline_auto\" id=\"style-css-av-av_hr-d3847c0c3d05e16811a0b56d25e03645\">\n#top .hr.av-av_hr-d3847c0c3d05e16811a0b56d25e03645{\nmargin-top:30px;\nmargin-bottom:0px;\n}\n.hr.av-av_hr-d3847c0c3d05e16811a0b56d25e03645 .hr-inner{\nwidth:100px;\nborder-color:#000000;\n}\n<\/style>\n<div  class='hr av-av_hr-d3847c0c3d05e16811a0b56d25e03645 hr-custom  avia-builder-el-2  el_after_av_heading  avia-builder-el-last  hr-center hr-icon-no'><span class='hr-inner inner-border-av-border-fat'><span class=\"hr-inner-style\"><\/span><\/span><\/div>\n\n<\/div><\/div><\/main><!-- close content main element --><\/div><\/div>\n<style type=\"text\/css\" data-created_by=\"avia_inline_auto\" id=\"style-css-av-av_section-2e357cf2f8638f7d61ac3e64659c051f\">\n.avia-section.av-av_section-2e357cf2f8638f7d61ac3e64659c051f{\nbackground-color:#df0b25;\n}\n<\/style>\n<div id='av_section_2'  class='avia-section av-av_section-2e357cf2f8638f7d61ac3e64659c051f footer_color avia-section-default avia-no-shadow  avia-builder-el-3  el_after_av_section  el_before_av_hr  avia-bg-style-scroll container_wrap sidebar_right'  ><div class='container av-section-cont-open' ><div class='template-page content  av-content-small alpha units'><div class='post-entry post-entry-type-page post-entry-1398'><div class='entry-content-wrapper clearfix'>\n\n<style type=\"text\/css\" data-created_by=\"avia_inline_auto\" id=\"style-css-av-av_content_slider-b927b4e1a3372dcf76780636877fd63d\">\n.avia-content-slider-element-container.av-av_content_slider-b927b4e1a3372dcf76780636877fd63d{\ncolor:#ffffff;\n}\n<\/style>\n<div   data-autoplay='true'  data-interval='10'  data-animation='slide'  data-show_slide_delay='30'  class='avia-content-slider-element-container av-av_content_slider-b927b4e1a3372dcf76780636877fd63d avia-content-slider-element-slider avia-content-slider avia-smallarrow-slider avia-content-slider-active avia-content-slider-even  avia-builder-el-4  el_before_av_content_slider  avia-builder-el-first  av_inherit_color avia-content-slider1'><div class='avia-smallarrow-slider-heading  no-content-slider-navigation  no-content-slider-heading '><div class='new-special-heading'>&nbsp;<\/div><\/div><div class=\"avia-content-slider-inner\"><div class=\"slide-entry-wrap\"><section class='slide-entry av-av_content_slide-abf31f09be3156cc15a738882dc900b8 flex_column av_one_fourth post-entry slide-entry-overview slide-loop-1 slide-parity-odd  first'  itemscope=\"itemscope\" itemtype=\"https:\/\/schema.org\/CreativeWork\" ><h3 class='slide-entry-title entry-title '  itemprop=\"headline\" ><a href='https:\/\/kartingvaals.nl\/de\/arrangements\/arrangement-zusammenstellen\/'  title='Arrangement selber zusammenstellen'>Arrangement selber zusammenstellen<\/a><\/h3><div class='slide-entry-excerpt entry-content'  itemprop=\"text\" ><p><img loading=\"lazy\" decoding=\"async\" class=\"alignnone wp-image-3444 size-medium\" src=\"https:\/\/kartingvaals.nl\/wp-content\/uploads\/arrangement-samenstellen-300x200.jpg\" alt=\"\" width=\"300\" height=\"200\" \/><\/p>\n<p>Ein Arrangement nach eigener Vorstellung? Lassen Sie es uns wissen!<\/p>\n<\/div><\/section><section class='slide-entry av-av_content_slide-5dfca89d6ad6007a8ae80b3bfb99957f flex_column av_one_fourth post-entry slide-entry-overview slide-loop-2 slide-parity-even  '  itemscope=\"itemscope\" itemtype=\"https:\/\/schema.org\/CreativeWork\" ><h3 class='slide-entry-title entry-title '  itemprop=\"headline\" ><a href='https:\/\/kartingvaals.nl\/de\/arrangements\/grand-prix\/'  title='Grand Prix Arrangement'>Grand Prix Arrangement<\/a><\/h3><div class='slide-entry-excerpt entry-content'  itemprop=\"text\" ><p><img loading=\"lazy\" decoding=\"async\" class=\"alignnone wp-image-2554 size-medium\" src=\"https:\/\/kartingvaals.nl\/wp-content\/uploads\/IMG_4709-300x200.jpg\" width=\"300\" height=\"200\" srcset=\"https:\/\/kartingvaals.nl\/wp-content\/uploads\/IMG_4709-300x200.jpg 300w, https:\/\/kartingvaals.nl\/wp-content\/uploads\/IMG_4709-768x512.jpg 768w, https:\/\/kartingvaals.nl\/wp-content\/uploads\/IMG_4709-1030x686.jpg 1030w, https:\/\/kartingvaals.nl\/wp-content\/uploads\/IMG_4709-1500x999.jpg 1500w, https:\/\/kartingvaals.nl\/wp-content\/uploads\/IMG_4709-705x470.jpg 705w, https:\/\/kartingvaals.nl\/wp-content\/uploads\/IMG_4709-450x300.jpg 450w, https:\/\/kartingvaals.nl\/wp-content\/uploads\/IMG_4709.jpg 1600w\" sizes=\"auto, (max-width: 300px) 100vw, 300px\" \/><\/p>\n<p>F\u00fcr dem Fahrer mit etwas mehr Erfahrung is der Grand Prix genau das Richtige! Sie starten vom Grid, genau wie in der Formel 1. Bist du der n\u00e4chste Vettel?<\/p>\n<\/div><\/section><section class='slide-entry av-av_content_slide-7603caad10bca1a4abc2d653366742b5 flex_column av_one_fourth post-entry slide-entry-overview slide-loop-3 slide-parity-odd  '  itemscope=\"itemscope\" itemtype=\"https:\/\/schema.org\/CreativeWork\" ><h3 class='slide-entry-title entry-title '  itemprop=\"headline\" ><a href='https:\/\/kartingvaals.nl\/de\/preise\/10er-fahrkarte\/'  title='Formel 1 Arrangement'>Formel 1 Arrangement<\/a><\/h3><div class='slide-entry-excerpt entry-content'  itemprop=\"text\" ><p><img loading=\"lazy\" decoding=\"async\" class=\"alignnone size-medium wp-image-2549\" src=\"https:\/\/kartingvaals.nl\/wp-content\/uploads\/IMG_4673-300x200.jpg\" alt=\"\" width=\"300\" height=\"200\" srcset=\"https:\/\/kartingvaals.nl\/wp-content\/uploads\/IMG_4673-300x200.jpg 300w, https:\/\/kartingvaals.nl\/wp-content\/uploads\/IMG_4673-768x512.jpg 768w, https:\/\/kartingvaals.nl\/wp-content\/uploads\/IMG_4673-1030x686.jpg 1030w, https:\/\/kartingvaals.nl\/wp-content\/uploads\/IMG_4673-1500x999.jpg 1500w, https:\/\/kartingvaals.nl\/wp-content\/uploads\/IMG_4673-705x470.jpg 705w, https:\/\/kartingvaals.nl\/wp-content\/uploads\/IMG_4673-450x300.jpg 450w, https:\/\/kartingvaals.nl\/wp-content\/uploads\/IMG_4673.jpg 1600w\" sizes=\"auto, (max-width: 300px) 100vw, 300px\" \/><\/p>\n<p>Sind Sie fertig fertig f\u00fcr diese Herausforderung? Fahre wie ein Formel 1 Fahrer und gewinne!<\/p>\n<\/div><\/section><section class='slide-entry av-av_content_slide-25e79c18761044e7a387be30fd65f382 flex_column av_one_fourth post-entry slide-entry-overview slide-loop-4 slide-parity-even  post-entry-last  '  itemscope=\"itemscope\" itemtype=\"https:\/\/schema.org\/CreativeWork\" ><h3 class='slide-entry-title entry-title '  itemprop=\"headline\" ><a href='https:\/\/kartingvaals.nl\/de\/arrangements\/le-mans-race\/'  title='Le Mans Rennen'>Le Mans Rennen<\/a><\/h3><div class='slide-entry-excerpt entry-content'  itemprop=\"text\" ><p><img loading=\"lazy\" decoding=\"async\" class=\"alignnone wp-image-3004 size-medium\" src=\"https:\/\/kartingvaals.nl\/wp-content\/uploads\/IMG_5647-300x200.jpg\" alt=\"\" width=\"300\" height=\"200\" srcset=\"https:\/\/kartingvaals.nl\/wp-content\/uploads\/IMG_5647-300x200.jpg 300w, https:\/\/kartingvaals.nl\/wp-content\/uploads\/IMG_5647-768x512.jpg 768w, https:\/\/kartingvaals.nl\/wp-content\/uploads\/IMG_5647-1030x686.jpg 1030w, https:\/\/kartingvaals.nl\/wp-content\/uploads\/IMG_5647-1500x999.jpg 1500w, https:\/\/kartingvaals.nl\/wp-content\/uploads\/IMG_5647-705x470.jpg 705w, https:\/\/kartingvaals.nl\/wp-content\/uploads\/IMG_5647-450x300.jpg 450w, https:\/\/kartingvaals.nl\/wp-content\/uploads\/IMG_5647.jpg 1600w\" sizes=\"auto, (max-width: 300px) 100vw, 300px\" \/><\/p>\n<p>Jeder kennt die 24 Stunden von Le Mans! W\u00e4hrend dieses Rennen geht es darum welches Team die meisten Runden f\u00e4hrt. Auf der Suche nach ein Arrangement wo Teambuilding das Schl\u00fcsselwort ist? dan ist dies genau das richtige!<\/p>\n<\/div><\/section><\/div><\/div><\/div>\n\n<style type=\"text\/css\" data-created_by=\"avia_inline_auto\" id=\"style-css-av-av_content_slider-b927b4e1a3372dcf76780636877fd63d\">\n.avia-content-slider-element-container.av-av_content_slider-b927b4e1a3372dcf76780636877fd63d{\ncolor:#ffffff;\n}\n<\/style>\n<div   data-autoplay='true'  data-interval='10'  data-animation='slide'  data-show_slide_delay='30'  class='avia-content-slider-element-container av-av_content_slider-b927b4e1a3372dcf76780636877fd63d avia-content-slider-element-slider avia-content-slider avia-smallarrow-slider avia-content-slider-active avia-content-slider-even  avia-builder-el-5  el_after_av_content_slider  avia-builder-el-last  av_inherit_color avia-content-slider2'><div class='avia-smallarrow-slider-heading  no-content-slider-navigation  no-content-slider-heading '><div class='new-special-heading'>&nbsp;<\/div><\/div><div class=\"avia-content-slider-inner\"><div class=\"slide-entry-wrap\"><section class='slide-entry av-av_content_slide-abf31f09be3156cc15a738882dc900b8 flex_column av_one_fourth post-entry slide-entry-overview slide-loop-1 slide-parity-odd  first'  itemscope=\"itemscope\" itemtype=\"https:\/\/schema.org\/CreativeWork\" ><h3 class='slide-entry-title entry-title '  itemprop=\"headline\" ><a href='https:\/\/kartingvaals.nl\/de\/arrangements\/arrangement-zusammenstellen\/'  title='Arrangement selber zusammenstellen'>Arrangement selber zusammenstellen<\/a><\/h3><div class='slide-entry-excerpt entry-content'  itemprop=\"text\" ><p><img loading=\"lazy\" decoding=\"async\" class=\"alignnone wp-image-3444 size-medium\" src=\"https:\/\/kartingvaals.nl\/wp-content\/uploads\/arrangement-samenstellen-300x200.jpg\" alt=\"\" width=\"300\" height=\"200\" \/><\/p>\n<p>Ein Arrangement nach eigener Vorstellung? Lassen Sie es uns wissen!<\/p>\n<\/div><\/section><section class='slide-entry av-av_content_slide-5dfca89d6ad6007a8ae80b3bfb99957f flex_column av_one_fourth post-entry slide-entry-overview slide-loop-2 slide-parity-even  '  itemscope=\"itemscope\" itemtype=\"https:\/\/schema.org\/CreativeWork\" ><h3 class='slide-entry-title entry-title '  itemprop=\"headline\" ><a href='https:\/\/kartingvaals.nl\/de\/arrangements\/grand-prix\/'  title='Grand Prix Arrangement'>Grand Prix Arrangement<\/a><\/h3><div class='slide-entry-excerpt entry-content'  itemprop=\"text\" ><p><img loading=\"lazy\" decoding=\"async\" class=\"alignnone wp-image-2554 size-medium\" src=\"https:\/\/kartingvaals.nl\/wp-content\/uploads\/IMG_4709-300x200.jpg\" width=\"300\" height=\"200\" srcset=\"https:\/\/kartingvaals.nl\/wp-content\/uploads\/IMG_4709-300x200.jpg 300w, https:\/\/kartingvaals.nl\/wp-content\/uploads\/IMG_4709-768x512.jpg 768w, https:\/\/kartingvaals.nl\/wp-content\/uploads\/IMG_4709-1030x686.jpg 1030w, https:\/\/kartingvaals.nl\/wp-content\/uploads\/IMG_4709-1500x999.jpg 1500w, https:\/\/kartingvaals.nl\/wp-content\/uploads\/IMG_4709-705x470.jpg 705w, https:\/\/kartingvaals.nl\/wp-content\/uploads\/IMG_4709-450x300.jpg 450w, https:\/\/kartingvaals.nl\/wp-content\/uploads\/IMG_4709.jpg 1600w\" sizes=\"auto, (max-width: 300px) 100vw, 300px\" \/><\/p>\n<p>F\u00fcr dem Fahrer mit etwas mehr Erfahrung is der Grand Prix genau das Richtige! Sie starten vom Grid, genau wie in der Formel 1. Bist du der n\u00e4chste Vettel?<\/p>\n<\/div><\/section><section class='slide-entry av-av_content_slide-7603caad10bca1a4abc2d653366742b5 flex_column av_one_fourth post-entry slide-entry-overview slide-loop-3 slide-parity-odd  '  itemscope=\"itemscope\" itemtype=\"https:\/\/schema.org\/CreativeWork\" ><h3 class='slide-entry-title entry-title '  itemprop=\"headline\" ><a href='https:\/\/kartingvaals.nl\/de\/preise\/10er-fahrkarte\/'  title='Formel 1 Arrangement'>Formel 1 Arrangement<\/a><\/h3><div class='slide-entry-excerpt entry-content'  itemprop=\"text\" ><p><img loading=\"lazy\" decoding=\"async\" class=\"alignnone size-medium wp-image-2549\" src=\"https:\/\/kartingvaals.nl\/wp-content\/uploads\/IMG_4673-300x200.jpg\" alt=\"\" width=\"300\" height=\"200\" srcset=\"https:\/\/kartingvaals.nl\/wp-content\/uploads\/IMG_4673-300x200.jpg 300w, https:\/\/kartingvaals.nl\/wp-content\/uploads\/IMG_4673-768x512.jpg 768w, https:\/\/kartingvaals.nl\/wp-content\/uploads\/IMG_4673-1030x686.jpg 1030w, https:\/\/kartingvaals.nl\/wp-content\/uploads\/IMG_4673-1500x999.jpg 1500w, https:\/\/kartingvaals.nl\/wp-content\/uploads\/IMG_4673-705x470.jpg 705w, https:\/\/kartingvaals.nl\/wp-content\/uploads\/IMG_4673-450x300.jpg 450w, https:\/\/kartingvaals.nl\/wp-content\/uploads\/IMG_4673.jpg 1600w\" sizes=\"auto, (max-width: 300px) 100vw, 300px\" \/><\/p>\n<p>Sind Sie fertig fertig f\u00fcr diese Herausforderung? Fahre wie ein Formel 1 Fahrer und gewinne!<\/p>\n<\/div><\/section><section class='slide-entry av-av_content_slide-25e79c18761044e7a387be30fd65f382 flex_column av_one_fourth post-entry slide-entry-overview slide-loop-4 slide-parity-even  post-entry-last  '  itemscope=\"itemscope\" itemtype=\"https:\/\/schema.org\/CreativeWork\" ><h3 class='slide-entry-title entry-title '  itemprop=\"headline\" ><a href='https:\/\/kartingvaals.nl\/de\/arrangements\/le-mans-race\/'  title='Le Mans Rennen'>Le Mans Rennen<\/a><\/h3><div class='slide-entry-excerpt entry-content'  itemprop=\"text\" ><p><img loading=\"lazy\" decoding=\"async\" class=\"alignnone wp-image-3004 size-medium\" src=\"https:\/\/kartingvaals.nl\/wp-content\/uploads\/IMG_5647-300x200.jpg\" alt=\"\" width=\"300\" height=\"200\" srcset=\"https:\/\/kartingvaals.nl\/wp-content\/uploads\/IMG_5647-300x200.jpg 300w, https:\/\/kartingvaals.nl\/wp-content\/uploads\/IMG_5647-768x512.jpg 768w, https:\/\/kartingvaals.nl\/wp-content\/uploads\/IMG_5647-1030x686.jpg 1030w, https:\/\/kartingvaals.nl\/wp-content\/uploads\/IMG_5647-1500x999.jpg 1500w, https:\/\/kartingvaals.nl\/wp-content\/uploads\/IMG_5647-705x470.jpg 705w, https:\/\/kartingvaals.nl\/wp-content\/uploads\/IMG_5647-450x300.jpg 450w, https:\/\/kartingvaals.nl\/wp-content\/uploads\/IMG_5647.jpg 1600w\" sizes=\"auto, (max-width: 300px) 100vw, 300px\" \/><\/p>\n<p>Jeder kennt die 24 Stunden von Le Mans! W\u00e4hrend dieses Rennen geht es darum welches Team die meisten Runden f\u00e4hrt. Auf der Suche nach ein Arrangement wo Teambuilding das Schl\u00fcsselwort ist? dan ist dies genau das richtige!<\/p>\n<\/div><\/section><\/div><\/div><\/div>\n<\/div><\/div><\/div><!-- close content main div --><\/div><\/div><div id='after_section_2'  class='main_color av_default_container_wrap container_wrap sidebar_right'  ><div class='container av-section-cont-open' ><div class='template-page content  av-content-small alpha units'><div class='post-entry post-entry-type-page post-entry-1398'><div class='entry-content-wrapper clearfix'>\n\n<style type=\"text\/css\" data-created_by=\"avia_inline_auto\" id=\"style-css-av-av_hr-0688d0b0b6ed2f8b057db7a8270206df\">\n#top .hr.hr-invisible.av-av_hr-0688d0b0b6ed2f8b057db7a8270206df{\nheight:50px;\n}\n<\/style>\n<div  class='hr av-av_hr-0688d0b0b6ed2f8b057db7a8270206df hr-invisible  avia-builder-el-6  el_after_av_section  el_before_av_two_third  avia-builder-el-first '><span class='hr-inner '><span class=\"hr-inner-style\"><\/span><\/span><\/div>\n\n<style type=\"text\/css\" data-created_by=\"avia_inline_auto\" id=\"style-css-av-av_two_third-6126cab7d8fab8d08143dd2dacdf673c\">\n.flex_column.av-av_two_third-6126cab7d8fab8d08143dd2dacdf673c{\nborder-radius:0px 0px 0px 0px;\n-webkit-border-radius:0px 0px 0px 0px;\n-moz-border-radius:0px 0px 0px 0px;\n}\n<\/style>\n<div class='flex_column av-av_two_third-6126cab7d8fab8d08143dd2dacdf673c av_two_third  avia-builder-el-7  el_after_av_hr  el_before_av_one_third  first flex_column_div av-zero-column-padding '   ><section  class='av_textblock_section av-av_textblock-396ddf1f42196ca838231e61a4602801'  itemscope=\"itemscope\" itemtype=\"https:\/\/schema.org\/CreativeWork\" ><div class='avia_textblock'  itemprop=\"text\" ><h1><\/h1>\n<p>Gerne machen wir Ihnen ein individuelles Angebot nach Ma\u00df. Nehmen Sie einfach <a title=\"Kontakt Outdoor Karting Vaals\" href=\"http:\/\/www.kartingvaals.nl\/de\/kontakt\/\">Kontakt<\/a> mit uns auf!<\/p>\n<\/div><\/section><\/div>\n\n<style type=\"text\/css\" data-created_by=\"avia_inline_auto\" id=\"style-css-av-av_one_third-7db28fda6876469a0184c19f89de3fb8\">\n.flex_column.av-av_one_third-7db28fda6876469a0184c19f89de3fb8{\nborder-radius:0px 0px 0px 0px;\n-webkit-border-radius:0px 0px 0px 0px;\n-moz-border-radius:0px 0px 0px 0px;\npadding:20px 20px 20px 20px;\nbackground-color:#ffffff;\n}\n<\/style>\n<div class='flex_column av-av_one_third-7db28fda6876469a0184c19f89de3fb8 av_one_third  avia-builder-el-9  el_after_av_two_third  avia-builder-el-last  flex_column_div '   ><p>\n<style type=\"text\/css\" data-created_by=\"avia_inline_auto\" id=\"style-css-av-av_textblock-d79e01513d8b3becc57dd5efe89e5715\">\n#top .av_textblock_section.av-av_textblock-d79e01513d8b3becc57dd5efe89e5715 .avia_textblock{\ncolor:#000000;\n}\n<\/style>\n<section  class='av_textblock_section av-av_textblock-d79e01513d8b3becc57dd5efe89e5715'  itemscope=\"itemscope\" itemtype=\"https:\/\/schema.org\/CreativeWork\" ><div class='avia_textblock av_inherit_color'  itemprop=\"text\" ><p><strong>Die Mindestanzahl der Teilnehmer bei allen Arrangements ist 5 Personen an Wochentagen, 8 Personen im Wochenende, an Feiertagen und in den Ferien. <\/strong><\/p>\n<\/div><\/section><br \/>\n<div  class='avia-button-wrap avia-button-left  avia-builder-el-11  el_after_av_textblock  avia-builder-el-last ' >\n<style type=\"text\/css\" data-created_by=\"avia_inline_auto\" id=\"style-css-av-av_button-9e7dab2943b7ea594ff088b74fb06158\">\n#top #wrap_all .avia-button.av-av_button-9e7dab2943b7ea594ff088b74fb06158{\nbackground-color:#feeb34;\nborder-color:#feeb34;\ncolor:#000000;\ntransition:all 0.4s ease-in-out;\n-webkit-transition:all 0.4s ease-in-out;\n-moz-transition:all 0.4s ease-in-out;\n-ms-transition:all 0.4s ease-in-out;\n-o-transition:all 0.4s ease-in-out;\n}\n<\/style>\n<a href='https:\/\/kartingvaals.nl\/de\/arrangements\/arrangement-zusammenstellen\/'  class='avia-button av-av_button-9e7dab2943b7ea594ff088b74fb06158 avia-icon_select-yes-right-icon avia-size-x-large avia-position-left' ><span class='avia_iconbox_title' >Arrangement zusammenstellen<\/span><span class='avia_button_icon avia_button_icon_right' aria-hidden='true' data-av_icon='\ue879' data-av_iconfont='entypo-fontello'><\/span><\/a><\/div><\/p><\/div>\n","protected":false},"excerpt":{"rendered":"","protected":false},"author":18,"featured_media":0,"parent":0,"menu_order":3,"comment_status":"closed","ping_status":"closed","template":"","meta":{"footnotes":"","_links_to":"","_links_to_target":""},"class_list":["post-1398","page","type-page","status-publish","hentry"],"_links":{"self":[{"href":"https:\/\/kartingvaals.nl\/de\/wp-json\/wp\/v2\/pages\/1398","targetHints":{"allow":["GET"]}}],"collection":[{"href":"https:\/\/kartingvaals.nl\/de\/wp-json\/wp\/v2\/pages"}],"about":[{"href":"https:\/\/kartingvaals.nl\/de\/wp-json\/wp\/v2\/types\/page"}],"author":[{"embeddable":true,"href":"https:\/\/kartingvaals.nl\/de\/wp-json\/wp\/v2\/users\/18"}],"replies":[{"embeddable":true,"href":"https:\/\/kartingvaals.nl\/de\/wp-json\/wp\/v2\/comments?post=1398"}],"version-history":[{"count":23,"href":"https:\/\/kartingvaals.nl\/de\/wp-json\/wp\/v2\/pages\/1398\/revisions"}],"predecessor-version":[{"id":4474,"href":"https:\/\/kartingvaals.nl\/de\/wp-json\/wp\/v2\/pages\/1398\/revisions\/4474"}],"wp:attachment":[{"href":"https:\/\/kartingvaals.nl\/de\/wp-json\/wp\/v2\/media?parent=1398"}],"curies":[{"name":"wp","href":"https:\/\/api.w.org\/{rel}","templated":true}]}}