{"id":1403,"date":"2012-02-12T14:03:57","date_gmt":"2012-02-12T13:03:57","guid":{"rendered":"http:\/\/www.kartingvaals.nl\/?page_id=1403"},"modified":"2026-01-14T10:56:58","modified_gmt":"2026-01-14T09:56:58","slug":"formel-1","status":"publish","type":"page","link":"https:\/\/kartingvaals.nl\/de\/arrangements\/formel-1\/","title":{"rendered":"Formel 1"},"content":{"rendered":"\n<style type=\"text\/css\" data-created_by=\"avia_inline_auto\" id=\"style-css-av-bhgpuj-5b25c55af143022cd9ed258c3e40985f\">\n.avia-section.av-bhgpuj-5b25c55af143022cd9ed258c3e40985f .av-parallax .av-parallax-inner{\nbackground-repeat:no-repeat;\nbackground-image:url(https:\/\/kartingvaals.nl\/wp-content\/uploads\/IMG_5047.jpg);\nbackground-position:50% 50%;\nbackground-attachment:scroll;\n}\n<\/style>\n<div id='av_section_1'  class='avia-section av-bhgpuj-5b25c55af143022cd9ed258c3e40985f main_color avia-section-default avia-no-shadow  avia-builder-el-0  el_before_av_two_third  avia-builder-el-first  avia-full-stretch av-parallax-section avia-bg-style-parallax av-minimum-height av-minimum-height-50  container_wrap sidebar_right'  data-section-bg-repeat='stretch' data-av_minimum_height_pc='50'><div class='av-parallax' data-avia-parallax-ratio='0.3' ><div class='av-parallax-inner main_color avia-full-stretch'><\/div><\/div><div class='container av-section-cont-open' ><main  role=\"main\" itemprop=\"mainContentOfPage\"  class='template-page content  av-content-small alpha units'><div class='post-entry post-entry-type-page post-entry-1403'><div class='entry-content-wrapper clearfix'><\/div><\/div><\/main><!-- close content main element --><\/div><\/div><div id='after_section_1'  class='main_color av_default_container_wrap container_wrap sidebar_right'  ><div class='container av-section-cont-open' ><div class='template-page content  av-content-small alpha units'><div class='post-entry post-entry-type-page post-entry-1403'><div class='entry-content-wrapper clearfix'>\n\n<style type=\"text\/css\" data-created_by=\"avia_inline_auto\" id=\"style-css-av-926kkb-99e8b6de31a0304a5ccee97e3d8226b6\">\n.flex_column.av-926kkb-99e8b6de31a0304a5ccee97e3d8226b6{\nborder-radius:0px 0px 0px 0px;\n-webkit-border-radius:0px 0px 0px 0px;\n-moz-border-radius:0px 0px 0px 0px;\n}\n<\/style>\n<div class='flex_column av-926kkb-99e8b6de31a0304a5ccee97e3d8226b6 av_two_third  avia-builder-el-1  el_after_av_section  el_before_av_one_third  avia-builder-el-first  first flex_column_div av-zero-column-padding '   ><section  class='av_textblock_section av-74b50b-e4ce5c0de6a00a131b7f768eea48f70a'  itemscope=\"itemscope\" itemtype=\"https:\/\/schema.org\/CreativeWork\" ><div class='avia_textblock'  itemprop=\"text\" ><h1><strong>Formel 1 Arrangement<\/strong><\/h1>\n<p>Ein Formel 1 Fahrer k\u00e4mpft immer um den ersten Platz. Im Formel 1 Arrangement k\u00e4mpft man f\u00fcr einen individuellen Sieg. Ein Outdoor Arrangement mit Sport, Spannung und Sensation!<\/p>\n<h2><\/h2>\n<h2>Freies Training<\/h2>\n<p>Alle Fahrer gehen gleichzeitig auf die Rennstrecke. W\u00e4hrend diese Training lernt man das Kart und die Strecke kennen. Auch ist es der ausgelesene Moment um die Konkurrenz zu beobachten!<\/p>\n<h2>Qualifikation<\/h2>\n<p>W\u00e4hrend der Qualifikation versucht man die beste Rundenzeit zu fahren. Danach gibt es eine Pause.<\/p>\n<h2>Finale<\/h2>\n<p>Der Gewinner der Qualifikation startet die Finale von der begehrten Pole Position.<br \/>\nF\u00fcr den Gewinner gibt es eine Medaille.<\/p>\n<h3>Info<\/h3>\n<ul>\n<li>Dieses Arrangement kann ab 5 Personen gebucht werden in der Woche, im Wochenende und an Ferien- und Feiertagen ab 8 Personen<\/li>\n<li>Max. 15 Karts gleichzeitig auf der Rennstrecke<\/li>\n<li>Mindestalter: 16 Jahre<\/li>\n<\/ul>\n<h3>Gruppen von 5 bis zu 15 Personen<\/h3>\n<ul>\n<li>Schnellkurs\/ Briefing<\/li>\n<li>Freies Training: 5 Minuten<\/li>\n<li>Qualifikation: 5 Minuten<\/li>\n<\/ul>\n<p>Training und Qualifikation werden direkt hinter einander gefahren.<\/p>\n<ul>\n<li>Pause (Dauer nach Bedarf)<\/li>\n<li>Finale f\u00fcr jeden: 10 Minuten<\/li>\n<li>Medaille f\u00fcr den Gewinner<\/li>\n<\/ul>\n<h3>Gruppen ab 16 Personen oder mehr<\/h3>\n<ul>\n<li>Schnellkurs\/ Briefing<\/li>\n<li>Freies Training: 5 Minuten<\/li>\n<li>Qualifikation: 5 Minuten<\/li>\n<\/ul>\n<p>Training und Qualifikation werden direkt hinter einander gefahren.<\/p>\n<ul>\n<li>Pause (Dauer nach Bedarf)<\/li>\n<li>Verliererfinale: 10 Minuten<\/li>\n<li>Gewinnerfinale: 10 Minuten<\/li>\n<li>Medaille f\u00fcr den Gewinner<\/li>\n<\/ul>\n<\/div><\/section><\/div>\n\n<style type=\"text\/css\" data-created_by=\"avia_inline_auto\" id=\"style-css-av-6m57cb-55717b7a5e4afbfb4214d7619c3edc18\">\n.flex_column.av-6m57cb-55717b7a5e4afbfb4214d7619c3edc18{\nborder-radius:0px 0px 0px 0px;\n-webkit-border-radius:0px 0px 0px 0px;\n-moz-border-radius:0px 0px 0px 0px;\npadding:20px 20px 20px 20px;\nbackground-color:#ffffff;\n}\n<\/style>\n<div class='flex_column av-6m57cb-55717b7a5e4afbfb4214d7619c3edc18 av_one_third  avia-builder-el-3  el_after_av_two_third  avia-builder-el-last  flex_column_div '   ><section  class='av_textblock_section av-46shgr-1e70d3103e99d49accfc607b01e58225'  itemscope=\"itemscope\" itemtype=\"https:\/\/schema.org\/CreativeWork\" ><div class='avia_textblock'  itemprop=\"text\" ><h2>Preis Formel 1<\/h2>\n<table border=\"0\" width=\"486\" cellspacing=\"5\" cellpadding=\"0\">\n<tbody>\n<tr>\n<td>5-14 Teilnehmer<\/td>\n<td>\u20ac 38,50 p.p.<\/td>\n<\/tr>\n<tr>\n<td>15-20 Teilnehmer<\/td>\n<td>\u20ac 37,00 p.p.<\/td>\n<\/tr>\n<tr>\n<td>&gt; 20 Teilnehmer<\/td>\n<td>\u20ac 35,50 p.p.<\/td>\n<\/tr>\n<\/tbody>\n<\/table>\n<\/div><\/section><br \/>\n<div  class='avia-button-wrap avia-button-left  avia-builder-el-5  el_after_av_textblock  avia-builder-el-last ' >\n<style type=\"text\/css\" data-created_by=\"avia_inline_auto\" id=\"style-css-av-2y3h2z-5076098c61d10fa23a465f071140e988\">\n#top #wrap_all .avia-button.av-2y3h2z-5076098c61d10fa23a465f071140e988{\nbackground-color:#feeb34;\nborder-color:#feeb34;\ncolor:#000000;\ntransition:all 0.4s ease-in-out;\n-webkit-transition:all 0.4s ease-in-out;\n-moz-transition:all 0.4s ease-in-out;\n-ms-transition:all 0.4s ease-in-out;\n-o-transition:all 0.4s ease-in-out;\n}\n<\/style>\n<a href='https:\/\/kartingvaals.nl\/de\/arrangements\/arrangement-zusammenstellen\/?arrangement=Formel1'  class='avia-button av-2y3h2z-5076098c61d10fa23a465f071140e988 avia-icon_select-yes-right-icon avia-size-large avia-position-left' ><span class='avia_iconbox_title' >ANGEBOT ANFORDERN<\/span><span class='avia_button_icon avia_button_icon_right' aria-hidden='true' data-av_icon='\ue879' data-av_iconfont='entypo-fontello'><\/span><\/a><\/div><\/p><\/div>\n","protected":false},"excerpt":{"rendered":"","protected":false},"author":4,"featured_media":0,"parent":1398,"menu_order":2,"comment_status":"closed","ping_status":"open","template":"","meta":{"footnotes":"","_links_to":"","_links_to_target":""},"class_list":["post-1403","page","type-page","status-publish","hentry"],"_links":{"self":[{"href":"https:\/\/kartingvaals.nl\/de\/wp-json\/wp\/v2\/pages\/1403","targetHints":{"allow":["GET"]}}],"collection":[{"href":"https:\/\/kartingvaals.nl\/de\/wp-json\/wp\/v2\/pages"}],"about":[{"href":"https:\/\/kartingvaals.nl\/de\/wp-json\/wp\/v2\/types\/page"}],"author":[{"embeddable":true,"href":"https:\/\/kartingvaals.nl\/de\/wp-json\/wp\/v2\/users\/4"}],"replies":[{"embeddable":true,"href":"https:\/\/kartingvaals.nl\/de\/wp-json\/wp\/v2\/comments?post=1403"}],"version-history":[{"count":24,"href":"https:\/\/kartingvaals.nl\/de\/wp-json\/wp\/v2\/pages\/1403\/revisions"}],"predecessor-version":[{"id":5398,"href":"https:\/\/kartingvaals.nl\/de\/wp-json\/wp\/v2\/pages\/1403\/revisions\/5398"}],"up":[{"embeddable":true,"href":"https:\/\/kartingvaals.nl\/de\/wp-json\/wp\/v2\/pages\/1398"}],"wp:attachment":[{"href":"https:\/\/kartingvaals.nl\/de\/wp-json\/wp\/v2\/media?parent=1403"}],"curies":[{"name":"wp","href":"https:\/\/api.w.org\/{rel}","templated":true}]}}