{"id":1406,"date":"2011-04-01T14:46:34","date_gmt":"2011-04-01T12:46:34","guid":{"rendered":"http:\/\/www.kartingvaals.nl\/?page_id=1406"},"modified":"2026-01-14T10:57:41","modified_gmt":"2026-01-14T09:57:41","slug":"le-mans-race","status":"publish","type":"page","link":"https:\/\/kartingvaals.nl\/de\/arrangements\/le-mans-race\/","title":{"rendered":"Le Mans Rennen"},"content":{"rendered":"\n<style type=\"text\/css\" data-created_by=\"avia_inline_auto\" id=\"style-css-av-an1w9q-6d24774570e345deb9a4507268062e5b\">\n.avia-section.av-an1w9q-6d24774570e345deb9a4507268062e5b .av-parallax .av-parallax-inner{\nbackground-repeat:no-repeat;\nbackground-image:url(https:\/\/kartingvaals.nl\/wp-content\/uploads\/IMG_4678v1.jpg);\nbackground-position:50% 50%;\nbackground-attachment:scroll;\n}\n<\/style>\n<div id='av_section_1'  class='avia-section av-an1w9q-6d24774570e345deb9a4507268062e5b main_color avia-section-default avia-no-shadow  avia-builder-el-0  el_before_av_two_third  avia-builder-el-first  avia-full-stretch av-parallax-section avia-bg-style-parallax av-minimum-height av-minimum-height-50  container_wrap sidebar_right'  data-section-bg-repeat='stretch' data-av_minimum_height_pc='50'><div class='av-parallax' data-avia-parallax-ratio='0.3' ><div class='av-parallax-inner main_color avia-full-stretch'><\/div><\/div><div class='container av-section-cont-open' ><main  role=\"main\" itemprop=\"mainContentOfPage\"  class='template-page content  av-content-small alpha units'><div class='post-entry post-entry-type-page post-entry-1406'><div class='entry-content-wrapper clearfix'><\/div><\/div><\/main><!-- close content main element --><\/div><\/div><div id='after_section_1'  class='main_color av_default_container_wrap container_wrap sidebar_right'  ><div class='container av-section-cont-open' ><div class='template-page content  av-content-small alpha units'><div class='post-entry post-entry-type-page post-entry-1406'><div class='entry-content-wrapper clearfix'>\n\n<style type=\"text\/css\" data-created_by=\"avia_inline_auto\" id=\"style-css-av-9oiywe-5ead6c3ab85fa69d0d31e1c240778729\">\n.flex_column.av-9oiywe-5ead6c3ab85fa69d0d31e1c240778729{\nborder-radius:0px 0px 0px 0px;\n-webkit-border-radius:0px 0px 0px 0px;\n-moz-border-radius:0px 0px 0px 0px;\n}\n<\/style>\n<div class='flex_column av-9oiywe-5ead6c3ab85fa69d0d31e1c240778729 av_two_third  avia-builder-el-1  el_after_av_section  el_before_av_one_third  avia-builder-el-first  first flex_column_div av-zero-column-padding '   ><section  class='av_textblock_section av-ou0q6-9005b54a260917e0bee69beba802fc0d'  itemscope=\"itemscope\" itemtype=\"https:\/\/schema.org\/CreativeWork\" ><div class='avia_textblock'  itemprop=\"text\" ><h1><b>Le Mans Rennen<\/b><\/h1>\n<p>Jeder kennt die &#8220;24 Stunden von Le Mans&#8221;, ein Ausdauer-Wettbewerb. W\u00e4hrend dieses Endurance Rennen geht es darum\u00a0alsTeam soviel Runden wie m\u00f6glich innerhalb der gegebenen Zeit zu fahren.<\/p>\n<h2>Teamwork<\/h2>\n<p>Als Team f\u00e4hrt mann ein Endurance Rennen. Sie stellen die Teams selbst zusammen. Die minimale Dauer des Rennens ist eine Stunde.<\/p>\n<p>W\u00e4hrend dieses Arrangement sind Teamwork, Kommunikation und Strategie sehr wichtig. Nach der ausf\u00fchrlichen Briefung folgt, indem gew\u00fcnscht, eine Qualifikation (1 Fahrer pro Team). W\u00e4hrend dieser Qualifikation wird gestritten f\u00fcr die begehrten Pole-Position.<\/p>\n<h2>Taktik<\/h2>\n<p>Nach Aufstellung der Startposition f\u00e4ngt das Rennen an, das Team mit den meist gefahrenen Runden ist Gewinner.<\/p>\n<p>Jedes Team verpflichtet sich mehrere Pitstops einzulegen, man wechstelt von Kartfahrer zu Kartfahrer. Darum denkt gut nach \u00fcber eure Taktik: wann f\u00e4hrt welcher Fahrer? Wann macht man den Pitstop? Ist viel los in der Pitstopgasse? Was macht die Konkurrenz? Wie ist die Situation auf der Rennstrecke? Was mache ich, wenn es anf\u00e4ngt zu regnen? Viele Faktoren sind entscheidend um zu Gewinnen!<\/p>\n<h3>Info<\/h3>\n<ul>\n<li>Dieses Arrangement kann in der Woche ab miete von 5 Karts gebucht werden, im Wochenende und an Ferien- und Feiertagen ab miete von 8 Karts<\/li>\n<li>Max. 14 Karts gleichzeitig auf der Rennstrecke<\/li>\n<li>Mindestalter: 16 Jahre<\/li>\n<\/ul>\n<\/div><\/section><\/div>\n\n<style type=\"text\/css\" data-created_by=\"avia_inline_auto\" id=\"style-css-av-69itbi-65c3a7a4f774e068f03e422d57c9fa34\">\n.flex_column.av-69itbi-65c3a7a4f774e068f03e422d57c9fa34{\nborder-radius:0px 0px 0px 0px;\n-webkit-border-radius:0px 0px 0px 0px;\n-moz-border-radius:0px 0px 0px 0px;\npadding:20px 20px 20px 20px;\nbackground-color:#ffffff;\n}\n<\/style>\n<div class='flex_column av-69itbi-65c3a7a4f774e068f03e422d57c9fa34 av_one_third  avia-builder-el-3  el_after_av_two_third  avia-builder-el-last  flex_column_div '   ><section  class='av_textblock_section av-gpvr2-b6734c234455e0cea8603e6ea8b475ec'  itemscope=\"itemscope\" itemtype=\"https:\/\/schema.org\/CreativeWork\" ><div class='avia_textblock'  itemprop=\"text\" ><h2>Le Mans Race mit Qualifikation:<\/h2>\n<ul>\n<li>Ausf\u00fchrliche Briefung<\/li>\n<li>Teams von mindestens 2 Personen<\/li>\n<li>Qualifikation: 10 Minuten (1 Fahrer pro Team)<\/li>\n<li>Rennen von mimimum 1 Stunde oder l\u00e4nger<\/li>\n<li>Pokal f\u00fcr Siegerteam<\/li>\n<\/ul>\n<p>Preis pro Kart: \u20ac 125,00<\/p>\n<h2>Le Mans Race ohne Qualifikation:<\/h2>\n<ul>\n<li>Ausf\u00fchrliche Briefung<\/li>\n<li>Teams von mindestens 2 Personen<\/li>\n<li>Rennen von minimum 1 Stunde oder l\u00e4nger<\/li>\n<li>Pokal f\u00fcr Siegerteam<\/li>\n<\/ul>\n<p>Preis pro Kart: \u20ac 110,00<b>\u00a0<\/b><\/p>\n<\/div><\/section><br \/>\n<div  class='avia-button-wrap avia-button-left  avia-builder-el-5  el_after_av_textblock  avia-builder-el-last ' >\n<style type=\"text\/css\" data-created_by=\"avia_inline_auto\" id=\"style-css-av-38j7bi-b978a5a24409d6eb53f65de497c4184d\">\n#top #wrap_all .avia-button.av-38j7bi-b978a5a24409d6eb53f65de497c4184d{\nbackground-color:#feeb34;\nborder-color:#feeb34;\ncolor:#000000;\ntransition:all 0.4s ease-in-out;\n-webkit-transition:all 0.4s ease-in-out;\n-moz-transition:all 0.4s ease-in-out;\n-ms-transition:all 0.4s ease-in-out;\n-o-transition:all 0.4s ease-in-out;\n}\n<\/style>\n<a href='https:\/\/kartingvaals.nl\/de\/arrangements\/arrangement-zusammenstellen\/?arrangement=Le-Mans-race'  class='avia-button av-38j7bi-b978a5a24409d6eb53f65de497c4184d avia-icon_select-yes-right-icon avia-size-large avia-position-left' ><span class='avia_iconbox_title' >ANGEBOT ANFORDERN<\/span><span class='avia_button_icon avia_button_icon_right' aria-hidden='true' data-av_icon='\ue879' data-av_iconfont='entypo-fontello'><\/span><\/a><\/div><\/p><\/div>\n","protected":false},"excerpt":{"rendered":"","protected":false},"author":18,"featured_media":0,"parent":1398,"menu_order":3,"comment_status":"closed","ping_status":"open","template":"","meta":{"footnotes":"","_links_to":"","_links_to_target":""},"class_list":["post-1406","page","type-page","status-publish","hentry"],"_links":{"self":[{"href":"https:\/\/kartingvaals.nl\/de\/wp-json\/wp\/v2\/pages\/1406","targetHints":{"allow":["GET"]}}],"collection":[{"href":"https:\/\/kartingvaals.nl\/de\/wp-json\/wp\/v2\/pages"}],"about":[{"href":"https:\/\/kartingvaals.nl\/de\/wp-json\/wp\/v2\/types\/page"}],"author":[{"embeddable":true,"href":"https:\/\/kartingvaals.nl\/de\/wp-json\/wp\/v2\/users\/18"}],"replies":[{"embeddable":true,"href":"https:\/\/kartingvaals.nl\/de\/wp-json\/wp\/v2\/comments?post=1406"}],"version-history":[{"count":26,"href":"https:\/\/kartingvaals.nl\/de\/wp-json\/wp\/v2\/pages\/1406\/revisions"}],"predecessor-version":[{"id":5400,"href":"https:\/\/kartingvaals.nl\/de\/wp-json\/wp\/v2\/pages\/1406\/revisions\/5400"}],"up":[{"embeddable":true,"href":"https:\/\/kartingvaals.nl\/de\/wp-json\/wp\/v2\/pages\/1398"}],"wp:attachment":[{"href":"https:\/\/kartingvaals.nl\/de\/wp-json\/wp\/v2\/media?parent=1406"}],"curies":[{"name":"wp","href":"https:\/\/api.w.org\/{rel}","templated":true}]}}