{"id":1411,"date":"2011-04-01T14:44:49","date_gmt":"2011-04-01T12:44:49","guid":{"rendered":"http:\/\/www.kartingvaals.nl\/?page_id=1411"},"modified":"2026-01-14T10:59:03","modified_gmt":"2026-01-14T09:59:03","slug":"ladies-only","status":"publish","type":"page","link":"https:\/\/kartingvaals.nl\/de\/arrangements\/ladies-only\/","title":{"rendered":"Ladies only"},"content":{"rendered":"\n<style type=\"text\/css\" data-created_by=\"avia_inline_auto\" id=\"style-css-av-als8r7-b290cfde98bd9ae13ea9f00f1c7036f3\">\n.avia-section.av-als8r7-b290cfde98bd9ae13ea9f00f1c7036f3 .av-parallax .av-parallax-inner{\nbackground-repeat:no-repeat;\nbackground-image:url(https:\/\/kartingvaals.nl\/wp-content\/uploads\/IMG_5422.jpg);\nbackground-position:100% 50%;\nbackground-attachment:scroll;\n}\n<\/style>\n<div id='av_section_1'  class='avia-section av-als8r7-b290cfde98bd9ae13ea9f00f1c7036f3 main_color avia-section-no-padding avia-no-shadow  avia-builder-el-0  el_before_av_two_third  avia-builder-el-first  avia-full-stretch av-parallax-section avia-bg-style-parallax av-minimum-height av-minimum-height-50  container_wrap sidebar_right'  data-section-bg-repeat='stretch' data-av_minimum_height_pc='50'><div class='av-parallax' data-avia-parallax-ratio='0.3' ><div class='av-parallax-inner main_color avia-full-stretch'><\/div><\/div><div class='container av-section-cont-open' ><main  role=\"main\" itemprop=\"mainContentOfPage\"  class='template-page content  av-content-small alpha units'><div class='post-entry post-entry-type-page post-entry-1411'><div class='entry-content-wrapper clearfix'><\/div><\/div><\/main><!-- close content main element --><\/div><\/div><div id='after_section_1'  class='main_color av_default_container_wrap container_wrap sidebar_right'  ><div class='container av-section-cont-open' ><div class='template-page content  av-content-small alpha units'><div class='post-entry post-entry-type-page post-entry-1411'><div class='entry-content-wrapper clearfix'>\n\n<style type=\"text\/css\" data-created_by=\"avia_inline_auto\" id=\"style-css-av-8u9xnn-52b503dc88da836875d8602ee610c10d\">\n.flex_column.av-8u9xnn-52b503dc88da836875d8602ee610c10d{\nborder-radius:0px 0px 0px 0px;\n-webkit-border-radius:0px 0px 0px 0px;\n-moz-border-radius:0px 0px 0px 0px;\n}\n<\/style>\n<div class='flex_column av-8u9xnn-52b503dc88da836875d8602ee610c10d av_two_third  avia-builder-el-1  el_after_av_section  el_before_av_one_third  avia-builder-el-first  first flex_column_div av-zero-column-padding '   ><section  class='av_textblock_section av-s8mb7-9160fc328928c528b32147bf9513d93d'  itemscope=\"itemscope\" itemtype=\"https:\/\/schema.org\/CreativeWork\" ><div class='avia_textblock'  itemprop=\"text\" ><h1><\/h1>\n<h1><strong>LADIES ONLY ARRANGEMENT<\/strong><\/h1>\n<p>Kartfahren nur M\u00e4nnersache? Nat\u00fcrlich nicht! f\u00fcr die Damen haben wir ein gem\u00fctliches &#8216;Ladies Only&#8217; Arrangement zusammengestellt: Wir starten mit Kaffee und Kuchen, dan folgt das Rennen und zum Schluss einen gem\u00fatlichen Umtrunk mit Tapas!<\/p>\n<h2>FREIE TRAINING UND QUALIFIKATION<\/h2>\n<p>Bei diesem Arrangement gehen alle Kartfahrer gleichzeitig auf die Rennstrecke. Zuerst fahren Sie ein freies Training, in dem man das Kart und die Strecke kennenlernt und die Konkurrenz beobachten kann! W\u00e4hrend der\u00a0Qualifikation versucht man nat\u00fcrlich die beste Rundenzeit zu fahren. Danach gibt es eine Pause.<\/p>\n<h2>FINALE<\/h2>\n<p>Der Gewinner der Qualifikation startet die Finale von der begehrten Pole Position. F\u00fcr den Gewinner gibt es eine Medaille.<\/p>\n<h3>Info<\/h3>\n<ul>\n<li>Dieses Arrangement kann ab 5 Personen gebucht werden in der Woche, im Wochenende und an Ferien- und Feiertagen ab 8 Personen<\/li>\n<li>Max. 15 Karts gleichzeitig auf der Rennstrecke<\/li>\n<li>Mindestalter: 16 Jahre<\/li>\n<\/ul>\n<\/div><\/section><\/div>\n\n<style type=\"text\/css\" data-created_by=\"avia_inline_auto\" id=\"style-css-av-iwyz7-2d007d69fbe80907af58ee9e27744460\">\n.flex_column.av-iwyz7-2d007d69fbe80907af58ee9e27744460{\nborder-radius:0px 0px 0px 0px;\n-webkit-border-radius:0px 0px 0px 0px;\n-moz-border-radius:0px 0px 0px 0px;\npadding:20px 20px 20px 20px;\nbackground-color:#ffffff;\n}\n<\/style>\n<div class='flex_column av-iwyz7-2d007d69fbe80907af58ee9e27744460 av_one_third  avia-builder-el-3  el_after_av_two_third  avia-builder-el-last  flex_column_div '   ><section  class='av_textblock_section av-42idmr-b38030e85fede1947e8e598c53b6c61a'  itemscope=\"itemscope\" itemtype=\"https:\/\/schema.org\/CreativeWork\" ><div class='avia_textblock'  itemprop=\"text\" ><h2>Preis Ladies Only Arrangement<\/h2>\n<ul>\n<li>Empfang mit Kaffee und Kuchen<\/li>\n<li>Schnellkurs\/Briefing<\/li>\n<li>Freies Training: 5 Minuten<\/li>\n<li>Qualifikation: 5 Minuten<\/li>\n<li>Pause (Dauer nach Bedarf)<\/li>\n<li>Finale: 5 Minuten<\/li>\n<li>Tapas und ein Getr\u00e4nk nach Wahl<\/li>\n<\/ul>\n<table border=\"0\" width=\"486\" cellspacing=\"5\" cellpadding=\"0\">\n<tbody>\n<tr>\n<td>5-14\u00a0Teilnehmer<\/td>\n<td>\u20ac 46,00 p.p.<\/td>\n<\/tr>\n<tr>\n<td>&gt; 14 Teilnehmer<\/td>\n<td>\u20ac 43,00 p.p.<\/td>\n<\/tr>\n<\/tbody>\n<\/table>\n<\/div><\/section><br \/>\n<div  class='avia-button-wrap avia-button-left  avia-builder-el-5  el_after_av_textblock  avia-builder-el-last ' >\n<style type=\"text\/css\" data-created_by=\"avia_inline_auto\" id=\"style-css-av-2q24f7-19b873ae65f180c33001e77e190e2aeb\">\n#top #wrap_all .avia-button.av-2q24f7-19b873ae65f180c33001e77e190e2aeb{\nbackground-color:#feeb34;\nborder-color:#feeb34;\ncolor:#000000;\ntransition:all 0.4s ease-in-out;\n-webkit-transition:all 0.4s ease-in-out;\n-moz-transition:all 0.4s ease-in-out;\n-ms-transition:all 0.4s ease-in-out;\n-o-transition:all 0.4s ease-in-out;\n}\n<\/style>\n<a href='https:\/\/kartingvaals.nl\/de\/arrangements\/arrangement-zusammenstellen\/?arrangement=Ladies-only'  class='avia-button av-2q24f7-19b873ae65f180c33001e77e190e2aeb avia-icon_select-yes-right-icon avia-size-large avia-position-left' ><span class='avia_iconbox_title' >ANGEBOT ANFORDERN<\/span><span class='avia_button_icon avia_button_icon_right' aria-hidden='true' data-av_icon='\ue879' data-av_iconfont='entypo-fontello'><\/span><\/a><\/div><\/p><\/div>\n","protected":false},"excerpt":{"rendered":"","protected":false},"author":18,"featured_media":0,"parent":1398,"menu_order":5,"comment_status":"closed","ping_status":"open","template":"","meta":{"footnotes":"","_links_to":"","_links_to_target":""},"class_list":["post-1411","page","type-page","status-publish","hentry"],"_links":{"self":[{"href":"https:\/\/kartingvaals.nl\/de\/wp-json\/wp\/v2\/pages\/1411","targetHints":{"allow":["GET"]}}],"collection":[{"href":"https:\/\/kartingvaals.nl\/de\/wp-json\/wp\/v2\/pages"}],"about":[{"href":"https:\/\/kartingvaals.nl\/de\/wp-json\/wp\/v2\/types\/page"}],"author":[{"embeddable":true,"href":"https:\/\/kartingvaals.nl\/de\/wp-json\/wp\/v2\/users\/18"}],"replies":[{"embeddable":true,"href":"https:\/\/kartingvaals.nl\/de\/wp-json\/wp\/v2\/comments?post=1411"}],"version-history":[{"count":31,"href":"https:\/\/kartingvaals.nl\/de\/wp-json\/wp\/v2\/pages\/1411\/revisions"}],"predecessor-version":[{"id":5406,"href":"https:\/\/kartingvaals.nl\/de\/wp-json\/wp\/v2\/pages\/1411\/revisions\/5406"}],"up":[{"embeddable":true,"href":"https:\/\/kartingvaals.nl\/de\/wp-json\/wp\/v2\/pages\/1398"}],"wp:attachment":[{"href":"https:\/\/kartingvaals.nl\/de\/wp-json\/wp\/v2\/media?parent=1411"}],"curies":[{"name":"wp","href":"https:\/\/api.w.org\/{rel}","templated":true}]}}