{"id":1416,"date":"2011-04-01T14:44:25","date_gmt":"2011-04-01T12:44:25","guid":{"rendered":"http:\/\/www.kartingvaals.nl\/?page_id=1416"},"modified":"2026-01-14T11:01:51","modified_gmt":"2026-01-14T10:01:51","slug":"kinder-geburtstagsparty","status":"publish","type":"page","link":"https:\/\/kartingvaals.nl\/de\/arrangements\/kinder-geburtstagsparty\/","title":{"rendered":"Kinder Geburtstagsparty"},"content":{"rendered":"\n<style type=\"text\/css\" data-created_by=\"avia_inline_auto\" id=\"style-css-av-b5n1s8-a8c035597f3edf1f3494d669c4be1e31\">\n.avia-section.av-b5n1s8-a8c035597f3edf1f3494d669c4be1e31 .av-parallax .av-parallax-inner{\nbackground-repeat:no-repeat;\nbackground-image:url(https:\/\/kartingvaals.nl\/wp-content\/uploads\/Foto-OKV4.jpg);\nbackground-position:50% 50%;\nbackground-attachment:scroll;\n}\n<\/style>\n<div id='av_section_1'  class='avia-section av-b5n1s8-a8c035597f3edf1f3494d669c4be1e31 main_color avia-section-default avia-no-shadow  avia-builder-el-0  el_before_av_two_third  avia-builder-el-first  avia-full-stretch av-parallax-section avia-bg-style-parallax av-minimum-height av-minimum-height-50  container_wrap sidebar_right'  data-section-bg-repeat='stretch' data-av_minimum_height_pc='50'><div class='av-parallax' data-avia-parallax-ratio='0.3' ><div class='av-parallax-inner main_color avia-full-stretch'><\/div><\/div><div class='container av-section-cont-open' ><main  role=\"main\" itemprop=\"mainContentOfPage\"  class='template-page content  av-content-small alpha units'><div class='post-entry post-entry-type-page post-entry-1416'><div class='entry-content-wrapper clearfix'><\/div><\/div><\/main><!-- close content main element --><\/div><\/div><div id='after_section_1'  class='main_color av_default_container_wrap container_wrap sidebar_right'  ><div class='container av-section-cont-open' ><div class='template-page content  av-content-small alpha units'><div class='post-entry post-entry-type-page post-entry-1416'><div class='entry-content-wrapper clearfix'>\n\n<style type=\"text\/css\" data-created_by=\"avia_inline_auto\" id=\"style-css-av-8viy14-d349b2bc585de42cc79fc94e08ae629c\">\n.flex_column.av-8viy14-d349b2bc585de42cc79fc94e08ae629c{\nborder-radius:0px 0px 0px 0px;\n-webkit-border-radius:0px 0px 0px 0px;\n-moz-border-radius:0px 0px 0px 0px;\n}\n<\/style>\n<div class='flex_column av-8viy14-d349b2bc585de42cc79fc94e08ae629c av_two_third  avia-builder-el-1  el_after_av_section  el_before_av_one_third  avia-builder-el-first  first flex_column_div av-zero-column-padding '   ><section  class='av_textblock_section av-7hh17c-130c2804654fda5967fbe96875ad6888'  itemscope=\"itemscope\" itemtype=\"https:\/\/schema.org\/CreativeWork\" ><div class='avia_textblock'  itemprop=\"text\" ><h1><strong>Kinder Geburtstagsparty<\/strong><\/h1>\n<p>Welches Kind m\u00f6chte nicht der neue Vettel werden? Lade alle deine Freunde ein und belebe deinen sch\u00f6nsten Geburtstag aller Zeiten!<\/p>\n<h3>Wichtig!<\/h3>\n<ul>\n<li>Mindestalter: 8 Jahre, Mindestk\u00f6rpergr\u00f6\u00dfe: 135 cm<\/li>\n<li>Buchen: in der Woche ab 5 Kinder, im Wochenende und an Ferien- und Feiertagen ab 8 Kinder<\/li>\n<li>Denken Sie an gute Schuhe, Regenjacke\/Handschuhe, bei unsicherem Wetter<\/li>\n<li>Ihr Kind l\u00e4dt vielleicht Freunde ein, die noch nie Gokart gefahren sind. Nicht alle Kinder trauen sich schon\u00a0Kart zu fahren. Bitten beachten Sie das bevor Sie reservieren!<\/li>\n<\/ul>\n<h2>Vorbereitung<\/h2>\n<p>Bevor es los geht, werden die Kinder ausf\u00fchrlich von unserem qualifizierten Personal instruiert. Alle bekommen einen Sturzhelm, Hygienem\u00fctze und Nackenst\u00fctze. Die Fahrzeiten werden voraus eingeplant und die Strecke wird exklusiv f\u00fcr die Kinder reserviert!<\/p>\n<h2>Inhalt<\/h2>\n<ul>\n<li>2 x heat von 5 Minuten Kartfahren oder 2 x heat von 10 Minuten Kartfahren<\/li>\n<li>Exklusivit\u00e4t der Rennstrecke<\/li>\n<li>Aufenthalt in unsere Blockh\u00fctte, max. 2,5 Std.<\/li>\n<li>Verschiedene Spiele zur verf\u00fcgung sowie Darts und Steltzlaufen<\/li>\n<li>Inklusive Kost\u00fcme Formel 1 f\u00fcr Kinder bis 13 Jahre, max. 10 Kinder<\/li>\n<li>Inklusive Nutzung von Leihhelm und Nackenst\u00fctze<\/li>\n<li>Br\u00f6tchen Hamburger oder Frikandel<\/li>\n<li>2 Getr\u00e4nke<\/li>\n<li>Chips oder Raketen Eis<\/li>\n<li>Geschenk f\u00fcr das Geburtstagskind<\/li>\n<\/ul>\n<h2>Handbogenschiessen f\u00fcr Kinder!<\/h2>\n<p>F\u00fcr ein Mehrpreis von \u20ac7,50 pro Kind k\u00f6nnen Sie das Arrangement erweitern mit Handbogenschiessen!<\/p>\n<h3><\/h3>\n<h3>* Aufgrund der Ferien sind unsere Kinder Geburtstagsparty&#8217;s in den Monaten Juli\/August nicht buchbar<\/h3>\n<\/div><\/section><\/div>\n\n<style type=\"text\/css\" data-created_by=\"avia_inline_auto\" id=\"style-css-av-5rmb60-d529305f1c3b86b782952ce6683d6f8f\">\n.flex_column.av-5rmb60-d529305f1c3b86b782952ce6683d6f8f{\nborder-radius:0px 0px 0px 0px;\n-webkit-border-radius:0px 0px 0px 0px;\n-moz-border-radius:0px 0px 0px 0px;\npadding:20px 20px 20px 20px;\nbackground-color:#ffffff;\n}\n<\/style>\n<div class='flex_column av-5rmb60-d529305f1c3b86b782952ce6683d6f8f av_one_third  avia-builder-el-3  el_after_av_two_third  avia-builder-el-last  flex_column_div '   ><style type=\"text\/css\" data-created_by=\"avia_inline_auto\" id=\"style-css-av-46kc9k-4d98f36fc36abbe3e345089bc1ff497a\">\n#top .av_textblock_section.av-46kc9k-4d98f36fc36abbe3e345089bc1ff497a .avia_textblock{\nfont-size:11px;\n}\n<\/style>\n<section  class='av_textblock_section av-46kc9k-4d98f36fc36abbe3e345089bc1ff497a'  itemscope=\"itemscope\" itemtype=\"https:\/\/schema.org\/CreativeWork\" ><div class='avia_textblock'  itemprop=\"text\" ><h2>Preis Kinder Geburtstagsparty<\/h2>\n<table border=\"0\" width=\"489\" cellspacing=\"5\" cellpadding=\"0\">\n<tbody>\n<tr>\n<td><strong>Kinder Geburtstagsparty<\/strong><\/td>\n<td><strong>2 x 5 minuten<\/strong><\/td>\n<td><strong>\u00a02 x 10 minuten<\/strong><\/td>\n<\/tr>\n<tr>\n<td><b>Preis pro Kind Mini Kart<\/b><\/td>\n<td>\u20ac 26,50<\/td>\n<td>\u00a0\u20ac 41,00<\/td>\n<\/tr>\n<tr>\n<td><b>Preis pro kind gro\u00dfes Kart<\/b><\/td>\n<td>\u20ac 28,50<\/td>\n<td>\u00a0\u20ac 44,00<\/td>\n<\/tr>\n<\/tbody>\n<\/table>\n<p><em>Preise sind exklusiv einmalige Rennlizenz von \u20ac2,50 p.P.<\/em><\/p>\n<h3>Eine Erweiterung des Arrangements ist m\u00f6glich:<\/h3>\n<ul>\n<li>Extra Heat kartfahren:\n<ul>\n<li>Mini Kart 5 minuten: \u20ac 9,00 \/ 10 minuten: \u20ac 17,00<\/li>\n<li>Gro\u00dfes Kart 5 minuten: \u20ac 10,00 \/ 10 minuten: \u20ac 17,50<\/li>\n<\/ul>\n<\/li>\n<li>Session Handbogenschiessen: \u20ac7,50 pro Kind<\/li>\n<li>Br\u00f6tchen Hamburger oder Frikandel: \u20ac 4,50<\/li>\n<li>Extra Flasche Cola, Fanta oder Sprite 1,5l: \u20ac 7,50<\/li>\n<li>Medaille: \u20ac 3,50 pro St\u00fcck<\/li>\n<li>Sturmhaube: \u20ac 2,00 pro St\u00fcck<\/li>\n<li>Becher: \u20ac8,50<\/li>\n<\/ul>\n<h2>Kinder Geburtstagsparty nur Kartfahren<\/h2>\n<p>Kein Arrangement, aber trotzdem kartfahren zum Geburtstag? Nur kartfahren ist auch m\u00f6glich! Mindestabnahme: 2 x 5 Minuten pro Kind.<\/p>\n<table border=\"0\" width=\"547\" cellspacing=\"5\" cellpadding=\"0\">\n<tbody>\n<tr>\n<td><strong>Kinder Geburtstagsparty ohne Arrangement<\/strong><\/td>\n<td><strong>2 x 5 minuten<\/strong><\/td>\n<td><strong>\u00a02 x 10 minuten<\/strong><\/td>\n<\/tr>\n<tr>\n<td><b>Preis pro Kind Mini Kart<\/b><\/td>\n<td>\u20ac 19,00<\/td>\n<td>\u00a0\u20ac 34,00<\/td>\n<\/tr>\n<tr>\n<td><b>Preis pro kind gro\u00dfes Kart<\/b><\/td>\n<td>\u20ac 20,50<\/td>\n<td>\u00a0\u20ac 35,00<\/td>\n<\/tr>\n<\/tbody>\n<\/table>\n<\/div><\/section><br \/>\n<div  class='avia-button-wrap avia-button-left  avia-builder-el-5  el_after_av_textblock  avia-builder-el-last ' >\n<style type=\"text\/css\" data-created_by=\"avia_inline_auto\" id=\"style-css-av-2notfs-60bfb027cb2160044e08caea2d3cf28d\">\n#top #wrap_all .avia-button.av-2notfs-60bfb027cb2160044e08caea2d3cf28d{\nbackground-color:#feeb34;\nborder-color:#feeb34;\ncolor:#000000;\ntransition:all 0.4s ease-in-out;\n-webkit-transition:all 0.4s ease-in-out;\n-moz-transition:all 0.4s ease-in-out;\n-ms-transition:all 0.4s ease-in-out;\n-o-transition:all 0.4s ease-in-out;\n}\n<\/style>\n<a href='https:\/\/kartingvaals.nl\/de\/arrangements\/arrangement-zusammenstellen\/?arrangement=Kinder-Geburtstagsparty'  class='avia-button av-2notfs-60bfb027cb2160044e08caea2d3cf28d avia-icon_select-yes-right-icon avia-size-large avia-position-left' ><span class='avia_iconbox_title' >ANGEBOT ANFORDERN<\/span><span class='avia_button_icon avia_button_icon_right' aria-hidden='true' data-av_icon='\ue879' data-av_iconfont='entypo-fontello'><\/span><\/a><\/div><\/p><\/div>\n","protected":false},"excerpt":{"rendered":"","protected":false},"author":18,"featured_media":0,"parent":1398,"menu_order":7,"comment_status":"closed","ping_status":"open","template":"","meta":{"footnotes":"","_links_to":"","_links_to_target":""},"class_list":["post-1416","page","type-page","status-publish","hentry"],"_links":{"self":[{"href":"https:\/\/kartingvaals.nl\/de\/wp-json\/wp\/v2\/pages\/1416","targetHints":{"allow":["GET"]}}],"collection":[{"href":"https:\/\/kartingvaals.nl\/de\/wp-json\/wp\/v2\/pages"}],"about":[{"href":"https:\/\/kartingvaals.nl\/de\/wp-json\/wp\/v2\/types\/page"}],"author":[{"embeddable":true,"href":"https:\/\/kartingvaals.nl\/de\/wp-json\/wp\/v2\/users\/18"}],"replies":[{"embeddable":true,"href":"https:\/\/kartingvaals.nl\/de\/wp-json\/wp\/v2\/comments?post=1416"}],"version-history":[{"count":46,"href":"https:\/\/kartingvaals.nl\/de\/wp-json\/wp\/v2\/pages\/1416\/revisions"}],"predecessor-version":[{"id":5408,"href":"https:\/\/kartingvaals.nl\/de\/wp-json\/wp\/v2\/pages\/1416\/revisions\/5408"}],"up":[{"embeddable":true,"href":"https:\/\/kartingvaals.nl\/de\/wp-json\/wp\/v2\/pages\/1398"}],"wp:attachment":[{"href":"https:\/\/kartingvaals.nl\/de\/wp-json\/wp\/v2\/media?parent=1416"}],"curies":[{"name":"wp","href":"https:\/\/api.w.org\/{rel}","templated":true}]}}