{"id":1432,"date":"2011-04-01T15:48:03","date_gmt":"2011-04-01T13:48:03","guid":{"rendered":"http:\/\/www.kartingvaals.nl\/?page_id=1432"},"modified":"2022-04-30T12:12:08","modified_gmt":"2022-04-30T10:12:08","slug":"fahrtipps-furs-gokart","status":"publish","type":"page","link":"https:\/\/kartingvaals.nl\/de\/tipps\/fahrtipps-furs-gokart\/","title":{"rendered":"Fahrtipps furs Gokart"},"content":{"rendered":"\n<style type=\"text\/css\" data-created_by=\"avia_inline_auto\" id=\"style-css-av-f30n3s-eed440d417f920d22760805026e9a08b\">\n.avia-section.av-f30n3s-eed440d417f920d22760805026e9a08b{\nbackground-color:#ffffff;\nbackground-repeat:no-repeat;\nbackground-image:url(https:\/\/kartingvaals.nl\/wp-content\/uploads\/kartbaan_illustratie1.jpg);\nbackground-position:50% 50%;\nbackground-attachment:scroll;\n}\n<\/style>\n<div id='av_section_1'  class='avia-section av-f30n3s-eed440d417f920d22760805026e9a08b main_color avia-section-default avia-no-shadow  avia-builder-el-0  el_before_av_one_half  avia-builder-el-first  avia-full-contain avia-bg-style-scroll av-minimum-height av-minimum-height-50  container_wrap sidebar_right'  data-section-bg-repeat='contain' data-av_minimum_height_pc='50'><div class='container av-section-cont-open' ><main  role=\"main\" itemprop=\"mainContentOfPage\"  class='template-page content  av-content-small alpha units'><div class='post-entry post-entry-type-page post-entry-1432'><div class='entry-content-wrapper clearfix'><\/div><\/div><\/main><!-- close content main element --><\/div><\/div><div id='after_section_1'  class='main_color av_default_container_wrap container_wrap sidebar_right'  ><div class='container av-section-cont-open' ><div class='template-page content  av-content-small alpha units'><div class='post-entry post-entry-type-page post-entry-1432'><div class='entry-content-wrapper clearfix'>\n\n<style type=\"text\/css\" data-created_by=\"avia_inline_auto\" id=\"style-css-av-e4nxi0-0887f8b6da545a85f146d1aa14cd2a18\">\n.flex_column.av-e4nxi0-0887f8b6da545a85f146d1aa14cd2a18{\nborder-radius:0px 0px 0px 0px;\n-webkit-border-radius:0px 0px 0px 0px;\n-moz-border-radius:0px 0px 0px 0px;\n}\n<\/style>\n<div class='flex_column av-e4nxi0-0887f8b6da545a85f146d1aa14cd2a18 av_one_half  avia-builder-el-1  el_after_av_section  el_before_av_one_half  avia-builder-el-first  first flex_column_div av-zero-column-padding '   ><section  class='av_textblock_section av-c985t4-e5ead1cdb2af67a5234dd61ee00a69aa'  itemscope=\"itemscope\" itemtype=\"https:\/\/schema.org\/CreativeWork\" ><div class='avia_textblock'  itemprop=\"text\" ><h2>Fahren, zuschauen und lernen<\/h2>\n<p>Du m\u00f6chtest wissen wie man beim Kart fahren auf unserer Rennstrecke die Ideallinie f\u00e4hrt? Du m\u00f6chtest wissen wie man an den Streckenrekord rankommt? Dann schau den anderen Fahrer gut zu, von dem ein oder anderen kannst sicher noch was lernen und entdeckst Tricks, von denen du vorher noch nicht gewusst hast. Es ist noch kein Gokart Meister vom Himmel gefallen!<\/p>\n<h2>Lenkfehler<\/h2>\n<p>Bedenke immer, dass das Kart sehr pr\u00e4zise auf deinem Fahrstil reagiert, Konzentration ist daher sehr wichtig. Ein kleiner Fehler und du drehst dich oder pralst gegen die Rampe. Vorteil ist, dass das Kart fahren so stets spannend bleibt! Auch Spitzenreitern unterlaufen Fehler.<\/p>\n<h2>Nicht Rutschen<\/h2>\n<p>Versuche so wenig wie m\u00f6glich zu Rutschen, denn Rutschen nimmt deinem Kart Geschwindigkeit. Die Rundenzeiten werden hierdurch weniger gut, als wenn man die Kurven mit genau der richtigen Geschwindigeit nimmt. Lass das Kart nicht driften und probiere es in der Spur zu halten. Das Kart sollte an der Drift-Grenze gehalten werden.<\/p>\n<h2>Sitzposition<\/h2>\n<p>Die richtige Sitzposition ist beim Gokart sehr wichtig. Knie und Arme sind leicht angewinkelt. Die H\u00e4nde haben beim Kart fahren die gleiche Position wie beim Auto fahren: zehn vor zw\u00f6lf. Entspanntes Sitzen im Kart unterst\u00fctzt beim Erreichen der Ideallinie.<\/p>\n<h2><\/h2>\n<\/div><\/section><\/div>\n\n<style type=\"text\/css\" data-created_by=\"avia_inline_auto\" id=\"style-css-av-ae9boo-22411372988ea6605fa93d25a517b960\">\n.flex_column.av-ae9boo-22411372988ea6605fa93d25a517b960{\nborder-radius:0px 0px 0px 0px;\n-webkit-border-radius:0px 0px 0px 0px;\n-moz-border-radius:0px 0px 0px 0px;\n}\n<\/style>\n<div class='flex_column av-ae9boo-22411372988ea6605fa93d25a517b960 av_one_half  avia-builder-el-3  el_after_av_one_half  el_before_av_hr  flex_column_div av-zero-column-padding '   ><section  class='av_textblock_section av-9ji2ko-608d95a75b64daf4ff80a584dd6118fa'  itemscope=\"itemscope\" itemtype=\"https:\/\/schema.org\/CreativeWork\" ><div class='avia_textblock'  itemprop=\"text\" ><h2>Die Ideallinie<\/h2>\n<p>Die ideale Linie ist der fliessende Weg vom Start bis zur Ziellinie. Die zu fahren ist nur m\u00f6glich, wenn der Kartfahrer die richtige Kombination findet zwischen Gas geben, Bremsen und Lenken. Nur dann erreicht man auch die besten Rundenzeiten. Mit Vollgas fahren allein, bricht kein Gokart Fahrer den Streckenrekord.<br \/>\nLass die schnelleren Kartfahrer ruhig immer an deinem Kart vorbeiziehen, denke lieber an deine eigene Sicherheit und nat\u00fcrlich an die der anderen Fahrer. Es bringt dir mehr, wenn du versucht dem Gokart eines besseren Fahrers zu folgen, denn er f\u00e4hrt mit gro\u00dfer Wahrscheinlichkeit die Ideallinie.<\/p>\n<h2>Kart fahren auf nasser Rennstrecke<\/h2>\n<p>Kart fahren auf eine nasse oder feuchte Renntrecke ist ganz anders als auf einer trockenenen. Das Kart rutscht nat\u00fcrlich viel schneller in den Kurven weg und der Kartfahrer muss so noch mehr aufpassen. Sehr spannend also f\u00fcr diejenigen, die eine extra Herrausforderung beim Gokart fahren suchen!<\/p>\n<\/div><\/section><\/div>\n\n<style type=\"text\/css\" data-created_by=\"avia_inline_auto\" id=\"style-css-av-6v3cl4-dd6bb2a6c4ec8678294e8ee8bc999a32\">\n#top .hr.hr-invisible.av-6v3cl4-dd6bb2a6c4ec8678294e8ee8bc999a32{\nheight:50px;\n}\n<\/style>\n<div  class='hr av-6v3cl4-dd6bb2a6c4ec8678294e8ee8bc999a32 hr-invisible  avia-builder-el-5  el_after_av_one_half  el_before_av_icon_box '><span class='hr-inner '><span class=\"hr-inner-style\"><\/span><\/span><\/div>\n\n<style type=\"text\/css\" data-created_by=\"avia_inline_auto\" id=\"style-css-av-5heifs-9f20477a54b63e594e3d4647c1d63304\">\n.iconbox.av-5heifs-9f20477a54b63e594e3d4647c1d63304 .iconbox_icon{\nbackground-color:#000000;\ncolor:#feeb34;\n}\n<\/style>\n<article  class='iconbox iconbox_top av-5heifs-9f20477a54b63e594e3d4647c1d63304  avia-builder-el-6  el_after_av_hr  el_before_av_hr  main_color'  itemscope=\"itemscope\" itemtype=\"https:\/\/schema.org\/CreativeWork\" ><div class=\"iconbox_content\"><header class=\"entry-content-header\"><div class=\"iconbox_icon heading-color\" aria-hidden='true' data-av_icon='\ue83e' data-av_iconfont='entypo-fontello'><\/div><h3 class='iconbox_content_title '  itemprop=\"headline\" >Wichtig!<\/h3><\/header><div class='iconbox_content_container '  itemprop=\"text\" ><header class=\"entry-content-header\">\n<p class=\"iconbox_content_title\">\n<\/header>\n<div class=\"iconbox_content_container \">\n<p>Sicherheit hat bei uns oberste Priorit\u00e4t. Deswegen ist w\u00e4hrend das kartfahren <strong>nicht<\/strong> gestattet:<\/p>\n<p>1.\u00a0Fliessenden Haaren<\/p>\n<p>2. Offene Schuhe<\/p>\n<p>3. Lose Kleidung oder Offene Westen<\/p>\n<p>4.\u00a0Schals oder\u00a0lange Ketten<\/p>\n<\/div>\n<\/div><\/div><footer class=\"entry-footer\"><\/footer><\/article>\n\n<style type=\"text\/css\" data-created_by=\"avia_inline_auto\" id=\"style-css-av-3rfxig-6d12ca77ac4bdadead416545801b13c3\">\n#top .hr.hr-invisible.av-3rfxig-6d12ca77ac4bdadead416545801b13c3{\nheight:50px;\n}\n<\/style>\n<div  class='hr av-3rfxig-6d12ca77ac4bdadead416545801b13c3 hr-invisible  avia-builder-el-7  el_after_av_icon_box  el_before_av_icon_box '><span class='hr-inner '><span class=\"hr-inner-style\"><\/span><\/span><\/div>\n\n<style type=\"text\/css\" data-created_by=\"avia_inline_auto\" id=\"style-css-av-2x6948-fd08e8941de2660274e4f57f404e60e9\">\n.iconbox.av-2x6948-fd08e8941de2660274e4f57f404e60e9 .iconbox_icon{\nbackground-color:#000000;\ncolor:#feeb34;\n}\n<\/style>\n<article  class='iconbox iconbox_top av-2x6948-fd08e8941de2660274e4f57f404e60e9  avia-builder-el-8  el_after_av_hr  avia-builder-el-last  main_color'  itemscope=\"itemscope\" itemtype=\"https:\/\/schema.org\/CreativeWork\" ><div class=\"iconbox_content\"><header class=\"entry-content-header\"><div class=\"iconbox_icon heading-color\" aria-hidden='true' data-av_icon='\ue83e' data-av_iconfont='entypo-fontello'><\/div><h3 class='iconbox_content_title '  itemprop=\"headline\" >Sicherheit f\u00fcr Kinder<\/h3><\/header><div class='iconbox_content_container '  itemprop=\"text\" ><div style=\"font-size: 12px;\">\n<p>Sicherheit ist f\u00fcr uns ein sehr wichtiger Punkt. Deshalb Fahren Kinder immer in separaten Kinderfahrten, max. 8 Kinder pro Fahrt. Jedes Kind erh\u00e4lt ausf\u00fchrliche Erkl\u00e4rung und einen Nackenst\u00fctze und Helm. Nur in ruhigen Momenten k\u00f6nnen Sie zusammen auf unsere Strecke. Unsere Mitarbeiten bestimmen wann dies m\u00f6glich ist. Wenn wir Kinder auf der Grundlage unsere Kriterien nicht alleine Fahren k\u00f6nnen lassen, dann ist das\u00a0<a href=\"https:\/\/kartingvaals.nl\/de\/ausstattung\/einzigartige-outdoor-kartbahn\/\" target=\"_blank\" rel=\"noopener\">duo-kart<\/a>\u00a0eine gute Alternative.<\/p>\n<p>Kriterien f\u00fcr Kinder:<\/p>\n<p>1.\u00a0Mindestalter von 7 Jahre.<br \/>\n2. Mindestgrosse von 135 cm.<br \/>\n3. Die Beinen sind lang genug, um die Pedale zu bedienen.<\/p>\n<\/div>\n<\/div><\/div><footer class=\"entry-footer\"><\/footer><\/article>\n","protected":false},"excerpt":{"rendered":"","protected":false},"author":18,"featured_media":0,"parent":1430,"menu_order":1,"comment_status":"closed","ping_status":"open","template":"","meta":{"footnotes":"","_links_to":"","_links_to_target":""},"class_list":["post-1432","page","type-page","status-publish","hentry"],"_links":{"self":[{"href":"https:\/\/kartingvaals.nl\/de\/wp-json\/wp\/v2\/pages\/1432","targetHints":{"allow":["GET"]}}],"collection":[{"href":"https:\/\/kartingvaals.nl\/de\/wp-json\/wp\/v2\/pages"}],"about":[{"href":"https:\/\/kartingvaals.nl\/de\/wp-json\/wp\/v2\/types\/page"}],"author":[{"embeddable":true,"href":"https:\/\/kartingvaals.nl\/de\/wp-json\/wp\/v2\/users\/18"}],"replies":[{"embeddable":true,"href":"https:\/\/kartingvaals.nl\/de\/wp-json\/wp\/v2\/comments?post=1432"}],"version-history":[{"count":18,"href":"https:\/\/kartingvaals.nl\/de\/wp-json\/wp\/v2\/pages\/1432\/revisions"}],"predecessor-version":[{"id":4994,"href":"https:\/\/kartingvaals.nl\/de\/wp-json\/wp\/v2\/pages\/1432\/revisions\/4994"}],"up":[{"embeddable":true,"href":"https:\/\/kartingvaals.nl\/de\/wp-json\/wp\/v2\/pages\/1430"}],"wp:attachment":[{"href":"https:\/\/kartingvaals.nl\/de\/wp-json\/wp\/v2\/media?parent=1432"}],"curies":[{"name":"wp","href":"https:\/\/api.w.org\/{rel}","templated":true}]}}