{"id":1440,"date":"2011-04-01T14:17:51","date_gmt":"2011-04-01T12:17:51","guid":{"rendered":"http:\/\/www.kartingvaals.nl\/?page_id=1440"},"modified":"2017-03-20T14:50:23","modified_gmt":"2017-03-20T13:50:23","slug":"vaals-umgebung","status":"publish","type":"page","link":"https:\/\/kartingvaals.nl\/de\/vaals-umgebung\/","title":{"rendered":"Vaals &#038; Umgebung"},"content":{"rendered":"\n<style type=\"text\/css\" data-created_by=\"avia_inline_auto\" id=\"style-css-av-av_section-80f239749cbbcc7e8ebc76473b2bb98d\">\n.avia-section.av-av_section-80f239749cbbcc7e8ebc76473b2bb98d .av-parallax .av-parallax-inner{\nbackground-repeat:no-repeat;\nbackground-image:url(https:\/\/kartingvaals.nl\/wp-content\/uploads\/IMG_9970.jpg);\nbackground-position:50% 50%;\nbackground-attachment:scroll;\n}\n<\/style>\n<div id='av_section_1'  class='avia-section av-av_section-80f239749cbbcc7e8ebc76473b2bb98d main_color avia-section-default avia-no-shadow  avia-builder-el-0  el_before_av_textblock  avia-builder-el-first  avia-full-stretch av-parallax-section avia-bg-style-parallax av-minimum-height av-minimum-height-25  container_wrap sidebar_right'  data-section-bg-repeat='stretch' data-av_minimum_height_pc='25'><div class='av-parallax' data-avia-parallax-ratio='0.3' ><div class='av-parallax-inner main_color avia-full-stretch'><\/div><\/div><div class='container av-section-cont-open' ><main  role=\"main\" itemprop=\"mainContentOfPage\"  class='template-page content  av-content-small alpha units'><div class='post-entry post-entry-type-page post-entry-1440'><div class='entry-content-wrapper clearfix'><\/div><\/div><\/main><!-- close content main element --><\/div><\/div><div id='after_section_1'  class='main_color av_default_container_wrap container_wrap sidebar_right'  ><div class='container av-section-cont-open' ><div class='template-page content  av-content-small alpha units'><div class='post-entry post-entry-type-page post-entry-1440'><div class='entry-content-wrapper clearfix'>\n<section  class='av_textblock_section av-av_textblock-396ddf1f42196ca838231e61a4602801'  itemscope=\"itemscope\" itemtype=\"https:\/\/schema.org\/CreativeWork\" ><div class='avia_textblock'  itemprop=\"text\" ><h1>Vaals &amp; Umgebung<\/h1>\n<p>Vaals wird im eigenen Land als Ausland beschrieben und besungen! Vaals ist nicht nur bekannt dank seiner sch\u00f6nen Natur, sondern auch das St\u00e4dchen selbst ist es wert entdeckt zu werden. Als \u201eVorstadt\u201c von Aachen findet man hier viele eindrucksvolle Geb\u00e4ude, zum Beispiel das Gemeindehaus am Clermontplein, die Kopermolen, die reformierte Kirche usw.<br \/>\n\u00dcber idyllische Wege kommt man nach Lemiers, Holset und Vijlen, schmucke D\u00f6rfer mit alten Fachwerkh\u00e4usern, wundersch\u00f6nen Wanderwegen, wo man das Gef\u00fchl bekommt, die Zeit sei stehen geblieben.<\/p>\n<\/div><\/section>\n<\/div><\/div><\/div><!-- close content main div --><\/div><\/div><div id='av_section_2'  class='avia-section av-av_section-87fbd8d26c8ac17d06967655d546fb33 alternate_color avia-section-default avia-no-shadow  avia-builder-el-2  el_after_av_textblock  avia-builder-el-last  avia-bg-style-scroll container_wrap sidebar_right'  ><div class='container av-section-cont-open' ><div class='template-page content  av-content-small alpha units'><div class='post-entry post-entry-type-page post-entry-1440'><div class='entry-content-wrapper clearfix'>\n\n<style type=\"text\/css\" data-created_by=\"avia_inline_auto\" id=\"style-css-av-av_one_fifth-6126cab7d8fab8d08143dd2dacdf673c\">\n.flex_column.av-av_one_fifth-6126cab7d8fab8d08143dd2dacdf673c{\nborder-radius:0px 0px 0px 0px;\n-webkit-border-radius:0px 0px 0px 0px;\n-moz-border-radius:0px 0px 0px 0px;\n}\n<\/style>\n<div class='flex_column av-av_one_fifth-6126cab7d8fab8d08143dd2dacdf673c av_one_fifth  avia-builder-el-3  el_before_av_one_fifth  avia-builder-el-first  first flex_column_div av-zero-column-padding '   ><section  class='av_textblock_section av-av_textblock-396ddf1f42196ca838231e61a4602801'  itemscope=\"itemscope\" itemtype=\"https:\/\/schema.org\/CreativeWork\" ><div class='avia_textblock'  itemprop=\"text\" ><h2><strong>Kunst &amp; Kultur<\/strong><\/h2>\n<p><a href=\"http:\/\/www.kunstroutevaals.com\/\" target=\"_blank\" rel=\"noopener\">Kunstroute Vaals (Seite auf NL)<\/a><br \/>\n<a href=\"http:\/\/www.museumvaals.nl\/de\/\" target=\"_blank\" rel=\"noopener\">Museum Vaals<\/a><br \/>\n<a href=\"http:\/\/www.wereldtuinenmondoverde.nl\/index.php?id=16\" target=\"_blank\" rel=\"noopener\">Weltg\u00e4rten Mondo Verde<\/a><br \/>\n<a href=\"http:\/\/www.glasblazerij-gerardo.nl\" target=\"_blank\" rel=\"noopener\">Glasbl\u00e4serei Vaals (Seite auf NL)<\/a><\/p>\n<\/div><\/section><\/div>\n<style type=\"text\/css\" data-created_by=\"avia_inline_auto\" id=\"style-css-av-av_one_fifth-0aa7055fe62c3622faec82866afbaeb2\">\n.flex_column.av-av_one_fifth-0aa7055fe62c3622faec82866afbaeb2{\nborder-radius:0px 0px 0px 0px;\n-webkit-border-radius:0px 0px 0px 0px;\n-moz-border-radius:0px 0px 0px 0px;\n}\n<\/style>\n<div class='flex_column av-av_one_fifth-0aa7055fe62c3622faec82866afbaeb2 av_one_fifth  avia-builder-el-5  el_after_av_one_fifth  el_before_av_one_fifth  flex_column_div av-zero-column-padding '   ><section  class='av_textblock_section av-av_textblock-396ddf1f42196ca838231e61a4602801'  itemscope=\"itemscope\" itemtype=\"https:\/\/schema.org\/CreativeWork\" ><div class='avia_textblock'  itemprop=\"text\" ><h2><strong>Attraktionen<\/strong><\/h2>\n<p><a href=\"http:\/\/www.drielandenpunt.nl\" target=\"_blank\" rel=\"noopener\">Dreil\u00e4nderpunkt (Seite auf NL)<\/a><br \/>\n<a href=\"http:\/\/www.continium.nl\/index_de.php\" target=\"_blank\" rel=\"noopener\">Continium Discovery Center Kerkrade<\/a><br \/>\n<a href=\"http:\/\/www.gaiapark.nl\" target=\"_blank\" rel=\"noopener\">GaiaZOO Kerkrade<\/a><br \/>\n<a href=\"http:\/\/www.kinderstad.nl\" target=\"_blank\" rel=\"noopener\">Kinderstad Heerlen (Seite auf NL)<\/a><br \/>\n<a href=\"http:\/\/www.zlsm.nl\" target=\"_blank\" rel=\"noopener\">Historische Dampflok \u201eMillionenlinie\u201c Simpelveld<\/a><br \/>\n<a href=\"http:\/\/www.vergnugungspark-de-valkenier.de\/\" target=\"_blank\" rel=\"noopener\">Vergn\u00fcgungspark De Valkenier Valkenburg<\/a><br \/>\n<a href=\"http:\/\/www.kasteelhoensbroek.nl\/de\/\" target=\"_blank\" rel=\"noopener\">Schloss Hoensbroek<\/a><br \/>\n<a href=\"http:\/\/www.toverland.de\" target=\"_blank\" rel=\"noopener\">Freizeitpark Toverland<\/a><br \/>\n<a href=\"http:\/\/www.steenkolenmijn.nl\/de\/index.php\" target=\"_blank\" rel=\"noopener\">Steinkohlenmiene Valkenburg<\/a><br \/>\n<a href=\"http:\/\/www.fluweelengrot.nl\/DE\/Home\" target=\"_blank\" rel=\"noopener\">Fluweelengrotte Valkenburg<\/a><br \/>\n<a href=\"http:\/\/www.boerengolfdevrouwenheide.nl\/\" target=\"_blank\" rel=\"noopener\">Bauerngolf Ubachsberg (Seite auf NL)<\/a><br \/>\n<a href=\"http:\/\/www.funvalleymaastricht.nl\/?template=algemeen.htm&amp;id=206&amp;sc=15\" target=\"_blank\" rel=\"noopener\">Fun Valley Maastricht<\/a><br \/>\n<a href=\"http:\/\/www.funinbokrijk.be\/over-bokrijk\/default.aspx?land=de\" target=\"_blank\" rel=\"noopener\">Bokrijk Genk, Belgien<\/a><\/p>\n<\/div><\/section><\/div>\n<style type=\"text\/css\" data-created_by=\"avia_inline_auto\" id=\"style-css-av-av_one_fifth-0aa7055fe62c3622faec82866afbaeb2\">\n.flex_column.av-av_one_fifth-0aa7055fe62c3622faec82866afbaeb2{\nborder-radius:0px 0px 0px 0px;\n-webkit-border-radius:0px 0px 0px 0px;\n-moz-border-radius:0px 0px 0px 0px;\n}\n<\/style>\n<div class='flex_column av-av_one_fifth-0aa7055fe62c3622faec82866afbaeb2 av_one_fifth  avia-builder-el-7  el_after_av_one_fifth  el_before_av_one_fifth  flex_column_div av-zero-column-padding '   ><section  class='av_textblock_section av-av_textblock-396ddf1f42196ca838231e61a4602801'  itemscope=\"itemscope\" itemtype=\"https:\/\/schema.org\/CreativeWork\" ><div class='avia_textblock'  itemprop=\"text\" ><h2><strong>Restaurants<\/strong><\/h2>\n<p><strong>Vaals:<\/strong><br \/>\nGrieschisches Restaurant Troje<br \/>\n<a href=\"http:\/\/www.pizzeria-bellissima.nl\/\" target=\"_blank\" rel=\"noopener\">Ristorante Pizzeria Bellissima (Seite auf NL)<\/a><br \/>\nDe Raadskelder<br \/>\nWaldrestaurant Lodge 7<br \/>\n<strong>Vijlen:<\/strong><br \/>\n<a href=\"http:\/\/www.vijlerhof.nl\" target=\"_blank\" rel=\"noopener\">Restaurant Vijlerhof (Seite auf NL)<\/a><br \/>\n<a href=\"http:\/\/www.restaurantcubalibre.nl\/deutsch\/\" target=\"_blank\" rel=\"noopener\">Restaurant Cuba Libre<\/a><br \/>\nRestaurant Uit de Kunst<br \/>\nWaldrestaurant \u2018t Hijgend Hert<br \/>\n<strong>Lemiers:<\/strong><br \/>\nGrand Caf\u00e9 Restaurant Het Mo\u2019ment<br \/>\n<strong>Holset:<\/strong><br \/>\nRestaurant \u2018t Kl\u00fckske<br \/>\nRestaurant In de oude stroopkokerij<br \/>\nHerberg Restaurant Oud Holset<\/p>\n<\/div><\/section><\/div>\n<style type=\"text\/css\" data-created_by=\"avia_inline_auto\" id=\"style-css-av-av_one_fifth-0aa7055fe62c3622faec82866afbaeb2\">\n.flex_column.av-av_one_fifth-0aa7055fe62c3622faec82866afbaeb2{\nborder-radius:0px 0px 0px 0px;\n-webkit-border-radius:0px 0px 0px 0px;\n-moz-border-radius:0px 0px 0px 0px;\n}\n<\/style>\n<div class='flex_column av-av_one_fifth-0aa7055fe62c3622faec82866afbaeb2 av_one_fifth  avia-builder-el-9  el_after_av_one_fifth  el_before_av_one_fifth  flex_column_div av-zero-column-padding '   ><section  class='av_textblock_section av-av_textblock-396ddf1f42196ca838231e61a4602801'  itemscope=\"itemscope\" itemtype=\"https:\/\/schema.org\/CreativeWork\" ><div class='avia_textblock'  itemprop=\"text\" ><h2><strong>Divers<\/strong><\/h2>\n<p><a title=\"Weekendje Weg\" href=\"http:\/\/www.weervergelijker.nl\/\" target=\"_blank\" rel=\"noopener\">Weekendje Weg (Seite auf NL)<\/a><br \/>\n<a href=\"http:\/\/www.stiphout.nl\/wilkommen-an-bord.html\" target=\"_blank\" rel=\"noopener\">Rederei Stiphout Maastricht<\/a><br \/>\n<a title=\"Thermae 2OOO\" href=\"http:\/\/www.thermae.nl\/willkommen\/\" target=\"_blank\" rel=\"noopener\">Thermae 2OOO<\/a><br \/>\n<a title=\"Wat te doen in Limburg\" href=\"http:\/\/www.wattedoeninlimburg.nl\" target=\"_blank\" rel=\"noopener\">Wat te doen in Limburg (Seite auf NL)<\/a><br \/>\n<a title=\"Touristische Informationen Zuid-Limburg\" href=\"http:\/\/www.zuidlimburg.de\" target=\"_blank\" rel=\"noopener\">Informationen des Tourismusverbands VVV Zuid-Limburg<\/a><\/p>\n<\/div><\/section><\/div>\n<style type=\"text\/css\" data-created_by=\"avia_inline_auto\" id=\"style-css-av-av_one_fifth-0aa7055fe62c3622faec82866afbaeb2\">\n.flex_column.av-av_one_fifth-0aa7055fe62c3622faec82866afbaeb2{\nborder-radius:0px 0px 0px 0px;\n-webkit-border-radius:0px 0px 0px 0px;\n-moz-border-radius:0px 0px 0px 0px;\n}\n<\/style>\n<div class='flex_column av-av_one_fifth-0aa7055fe62c3622faec82866afbaeb2 av_one_fifth  avia-builder-el-11  el_after_av_one_fifth  avia-builder-el-last  flex_column_div av-zero-column-padding '   ><section  class='av_textblock_section av-av_textblock-396ddf1f42196ca838231e61a4602801'  itemscope=\"itemscope\" itemtype=\"https:\/\/schema.org\/CreativeWork\" ><div class='avia_textblock'  itemprop=\"text\" ><h2><strong>Aufenthalt<\/strong><\/h2>\n<p><a title=\"Bungalowpark Schin op Geul\" href=\"http:\/\/www.bungalowparkschinopgeul.nl\/\" target=\"_blank\" rel=\"noopener\">Bungalowpark Schin op Geul<\/a><br \/>\n<a title=\"Hotel Restaurant Vijlerhof\" href=\"http:\/\/http:\/\/www.vijlerhof.nl\/index.html\" target=\"_blank\" rel=\"noopener\">Hotel Restaurant Vijlerhof<\/a><br \/>\n<a title=\"Landal Hoog Vaals\" href=\"http:\/\/www.landal.nl\" target=\"_blank\" rel=\"noopener\">Landal Hoog Vaals<br \/>\n<\/a><a title=\"Camping Cottesserhoeve \" href=\"http:\/\/www.cottesserhoeve.nl\/\" target=\"_blank\" rel=\"noopener\">Camping Cottesserhoeve<br \/>\n<\/a><a href=\"http:\/\/www.vakantieparkresortarcen.nl\/vakantiepark-limburg\">Vakantieparken Limburg<br \/>\n<\/a><a title=\"Midweek weg\" href=\"http:\/\/www.roompot.nl\/vakantieparken\/weekendje-weg.html\" target=\"_blank\" rel=\"noopener\">Midweek weg met Roompot<br \/>\n<\/a><a href=\"http:\/\/www.weerterbergen.nl\/limburg\/vakantiehuis\" target=\"_blank\" rel=\"noopener\">Vakantiehuis Noord-Limburg<br \/>\n<\/a><a href=\"http:\/\/www.bungalowparksimpelveld.nl\/nl\/\" target=\"_blank\" rel=\"noopener\">Bungalowpark Simpelveld<br \/>\n<\/a><a href=\"https:\/\/www.heerlijkehuisjes.nl\/nl\/vakantiehuizen-limburg\" target=\"_blank\" rel=\"noopener\">Limburg Vakantiehuizen<\/a><\/p>\n<\/div><\/section><\/div>\n<\/div><\/div><\/div><!-- close content main div --><\/div><\/div><div id='after_section_2'  class='main_color av_default_container_wrap container_wrap sidebar_right'  ><div class='container av-section-cont-open' ><div class='template-page content  av-content-small alpha units'><div class='post-entry post-entry-type-page post-entry-1440'><div class='entry-content-wrapper clearfix'>\n","protected":false},"excerpt":{"rendered":"","protected":false},"author":18,"featured_media":0,"parent":0,"menu_order":98,"comment_status":"closed","ping_status":"open","template":"","meta":{"footnotes":"","_links_to":"","_links_to_target":""},"class_list":["post-1440","page","type-page","status-publish","hentry"],"_links":{"self":[{"href":"https:\/\/kartingvaals.nl\/de\/wp-json\/wp\/v2\/pages\/1440","targetHints":{"allow":["GET"]}}],"collection":[{"href":"https:\/\/kartingvaals.nl\/de\/wp-json\/wp\/v2\/pages"}],"about":[{"href":"https:\/\/kartingvaals.nl\/de\/wp-json\/wp\/v2\/types\/page"}],"author":[{"embeddable":true,"href":"https:\/\/kartingvaals.nl\/de\/wp-json\/wp\/v2\/users\/18"}],"replies":[{"embeddable":true,"href":"https:\/\/kartingvaals.nl\/de\/wp-json\/wp\/v2\/comments?post=1440"}],"version-history":[{"count":7,"href":"https:\/\/kartingvaals.nl\/de\/wp-json\/wp\/v2\/pages\/1440\/revisions"}],"predecessor-version":[{"id":3395,"href":"https:\/\/kartingvaals.nl\/de\/wp-json\/wp\/v2\/pages\/1440\/revisions\/3395"}],"wp:attachment":[{"href":"https:\/\/kartingvaals.nl\/de\/wp-json\/wp\/v2\/media?parent=1440"}],"curies":[{"name":"wp","href":"https:\/\/api.w.org\/{rel}","templated":true}]}}