{"id":2257,"date":"2016-04-27T22:14:37","date_gmt":"2016-04-27T20:14:37","guid":{"rendered":"http:\/\/www.kartingvaals.nl\/?page_id=2257"},"modified":"2016-04-27T22:14:37","modified_gmt":"2016-04-27T20:14:37","slug":"bauernbuffet-start","status":"publish","type":"page","link":"https:\/\/kartingvaals.nl\/de\/bauernbuffet-start\/","title":{"rendered":"Bauernbuffet Start"},"content":{"rendered":"<p><b>Barbecue Webber\u00a0\u20ac 11,50 p.P.<br \/>\n<\/b>(Ab 10 Personen) \u00a0<b> \u00a0 \u00a0 \u00a0 \u00a0 \u00a0 \u00a0 \u00a0 \u00a0 \u00a0 \u00a0 \u00a0 \u00a0 \u00a0 \u00a0 \u00a0 \u00a0 \u00a0 \u00a0 \u00a0 \u00a0 \u00a0 \u00a0 \u00a0 \u00a0 \u00a0 \u00a0 \u00a0 \u00a0<\/b><\/p>\n<ul>\n<li>Mehrere Brotsorten<\/li>\n<li>Verschiedene Pistolets (Br\u00f6tchen)<\/li>\n<li>Cervelatwurst<\/li>\n<li>Mehrere Sorten Leberpastete<\/li>\n<li>Hackbraten<\/li>\n<li>Hinterkochschinken<\/li>\n<li>Ardennerschinken<\/li>\n<li>S\u00fclze<\/li>\n<li>Jung-gereifter K\u00e4se<\/li>\n<li>Staudensellerie Salat<\/li>\n<li>Gemischter Rohkostsalat<\/li>\n<li>Kr\u00e4uterbutter<\/li>\n<li>Limburgischer Senf<\/li>\n<li>Apfelkraut<\/li>\n<li>Gute Butter<\/li>\n<li>inkl. unbegrenztem Kaffee, Tee und Wasser<\/li>\n<\/ul>\n<p>[button link=&#8221;\/arrangements\/arrangement-zusammenstellen\/&#8221; size=&#8221;large&#8221; color=&#8221;red&#8221;]Arrangement mit Essen buchen[\/button]<\/p>\n","protected":false},"excerpt":{"rendered":"<p>Barbecue Webber\u00a0\u20ac 11,50 p.P. (Ab 10 Personen) \u00a0 \u00a0 \u00a0 \u00a0 \u00a0 \u00a0 \u00a0 \u00a0 \u00a0 \u00a0 \u00a0 \u00a0 \u00a0 \u00a0 \u00a0 \u00a0 \u00a0 \u00a0 \u00a0 \u00a0 \u00a0 \u00a0 \u00a0 \u00a0 \u00a0 \u00a0 \u00a0 \u00a0 \u00a0 Mehrere Brotsorten Verschiedene Pistolets (Br\u00f6tchen) Cervelatwurst Mehrere Sorten Leberpastete Hackbraten Hinterkochschinken Ardennerschinken S\u00fclze Jung-gereifter K\u00e4se Staudensellerie Salat Gemischter Rohkostsalat [&hellip;]<\/p>\n","protected":false},"author":18,"featured_media":0,"parent":0,"menu_order":0,"comment_status":"closed","ping_status":"closed","template":"","meta":{"footnotes":"","_links_to":"","_links_to_target":""},"class_list":["post-2257","page","type-page","status-publish","hentry"],"_links":{"self":[{"href":"https:\/\/kartingvaals.nl\/de\/wp-json\/wp\/v2\/pages\/2257","targetHints":{"allow":["GET"]}}],"collection":[{"href":"https:\/\/kartingvaals.nl\/de\/wp-json\/wp\/v2\/pages"}],"about":[{"href":"https:\/\/kartingvaals.nl\/de\/wp-json\/wp\/v2\/types\/page"}],"author":[{"embeddable":true,"href":"https:\/\/kartingvaals.nl\/de\/wp-json\/wp\/v2\/users\/18"}],"replies":[{"embeddable":true,"href":"https:\/\/kartingvaals.nl\/de\/wp-json\/wp\/v2\/comments?post=2257"}],"version-history":[{"count":1,"href":"https:\/\/kartingvaals.nl\/de\/wp-json\/wp\/v2\/pages\/2257\/revisions"}],"predecessor-version":[{"id":2258,"href":"https:\/\/kartingvaals.nl\/de\/wp-json\/wp\/v2\/pages\/2257\/revisions\/2258"}],"wp:attachment":[{"href":"https:\/\/kartingvaals.nl\/de\/wp-json\/wp\/v2\/media?parent=2257"}],"curies":[{"name":"wp","href":"https:\/\/api.w.org\/{rel}","templated":true}]}}