{"id":2274,"date":"2016-04-28T11:19:08","date_gmt":"2016-04-28T09:19:08","guid":{"rendered":"http:\/\/www.kartingvaals.nl\/?page_id=2274"},"modified":"2016-05-09T18:34:03","modified_gmt":"2016-05-09T16:34:03","slug":"mini-karts","status":"publish","type":"page","link":"https:\/\/kartingvaals.nl\/de\/ausstattung\/mini-karts\/","title":{"rendered":"Mini Karts"},"content":{"rendered":"<p><img loading=\"lazy\" decoding=\"async\" class=\"alignright size-medium wp-image-285\" src=\"http:\/\/www.kartingvaals.nl\/wp-content\/uploads\/P1030975-300x225.jpg\" alt=\"P1030975\" width=\"300\" height=\"225\" srcset=\"https:\/\/kartingvaals.nl\/wp-content\/uploads\/P1030975-300x225.jpg 300w, https:\/\/kartingvaals.nl\/wp-content\/uploads\/P1030975-1024x768.jpg 1024w\" sizes=\"auto, (max-width: 300px) 100vw, 300px\" \/><span style=\"color: #ff0000;\"><strong>Ab wann d\u00fcrfen Kinder fahren?<\/strong><\/span><\/p>\n<p>Das Minimum Alter ist 7 Jahre und die Minimum L\u00e4nge um in ein kleines Kart fahren zu k\u00f6nnen ist 1.30 M.<\/p>\n<p>Es ist sehr wichtig dass Kinder die zu klein sind, nicht fahren.<\/p>\n<p>Folgende Punkte m\u00fcssen im Betracht gehalten werden:<\/p>\n<ul>\n<li>Mindestalter: 7 Jahre<\/li>\n<li>Wir nutzen max. 1 Kissen im R\u00fccken<\/li>\n<li>Das Kind muss mit seinem R\u00fccken gegen das Kissen sitzen<\/li>\n<li>Das Kind kann mit R\u00fccken gegen Kissen noch die Pedale bedienen<\/li>\n<\/ul>\n<p><span style=\"text-decoration: underline;\">Ausnahmen werden nicht gemacht!<\/span><\/p>\n<p><span style=\"color: #ff0000;\"><strong>Bis wann soll mein Kind in ein Kleines Kart fahren?<\/strong><\/span><\/p>\n<p>Die kleinen Karts sind fast so schnell wie die Gro\u00dfen, steuern aber wesentlich leichter. Wir raten ihnen um ihr Kind so lange wie m\u00f6glich in diese Karts fahren zu lassen. Ab 1.60M. und die richtige Beinl\u00e4nge, d\u00fcrfen Sie in ein grosses Kart fahren. Wir beraten Sie gerne.<\/p>\n","protected":false},"excerpt":{"rendered":"<p>Ab wann d\u00fcrfen Kinder fahren? Das Minimum Alter ist 7 Jahre und die Minimum L\u00e4nge um in ein kleines Kart fahren zu k\u00f6nnen ist 1.30 M. Es ist sehr wichtig dass Kinder die zu klein sind, nicht fahren. Folgende Punkte m\u00fcssen im Betracht gehalten werden: Mindestalter: 7 Jahre Wir nutzen max. 1 Kissen im R\u00fccken [&hellip;]<\/p>\n","protected":false},"author":18,"featured_media":0,"parent":1390,"menu_order":3,"comment_status":"closed","ping_status":"closed","template":"","meta":{"footnotes":"","_links_to":"","_links_to_target":""},"class_list":["post-2274","page","type-page","status-publish","hentry"],"_links":{"self":[{"href":"https:\/\/kartingvaals.nl\/de\/wp-json\/wp\/v2\/pages\/2274","targetHints":{"allow":["GET"]}}],"collection":[{"href":"https:\/\/kartingvaals.nl\/de\/wp-json\/wp\/v2\/pages"}],"about":[{"href":"https:\/\/kartingvaals.nl\/de\/wp-json\/wp\/v2\/types\/page"}],"author":[{"embeddable":true,"href":"https:\/\/kartingvaals.nl\/de\/wp-json\/wp\/v2\/users\/18"}],"replies":[{"embeddable":true,"href":"https:\/\/kartingvaals.nl\/de\/wp-json\/wp\/v2\/comments?post=2274"}],"version-history":[{"count":6,"href":"https:\/\/kartingvaals.nl\/de\/wp-json\/wp\/v2\/pages\/2274\/revisions"}],"predecessor-version":[{"id":3086,"href":"https:\/\/kartingvaals.nl\/de\/wp-json\/wp\/v2\/pages\/2274\/revisions\/3086"}],"up":[{"embeddable":true,"href":"https:\/\/kartingvaals.nl\/de\/wp-json\/wp\/v2\/pages\/1390"}],"wp:attachment":[{"href":"https:\/\/kartingvaals.nl\/de\/wp-json\/wp\/v2\/media?parent=2274"}],"curies":[{"name":"wp","href":"https:\/\/api.w.org\/{rel}","templated":true}]}}