{"id":3133,"date":"2017-03-10T10:17:38","date_gmt":"2017-03-10T09:17:38","guid":{"rendered":"https:\/\/kartingvaals.nl\/?page_id=3133\/"},"modified":"2026-03-04T10:41:20","modified_gmt":"2026-03-04T09:41:20","slug":"essen-und-trinken","status":"publish","type":"page","link":"https:\/\/kartingvaals.nl\/de\/preise\/essen-und-trinken\/","title":{"rendered":"Essen und Trinken"},"content":{"rendered":"\n<style type=\"text\/css\" data-created_by=\"avia_inline_auto\" id=\"style-css-av-m8yatp-a7871b186f07dfba9201d68aa11cb7b4\">\n.avia-section.av-m8yatp-a7871b186f07dfba9201d68aa11cb7b4 .av-parallax .av-parallax-inner{\nbackground-repeat:no-repeat;\nbackground-image:url(https:\/\/kartingvaals.nl\/wp-content\/uploads\/IMG_4814-1500x999.jpg);\nbackground-position:50% 100%;\nbackground-attachment:scroll;\n}\n<\/style>\n<div id='av_section_1'  class='avia-section av-m8yatp-a7871b186f07dfba9201d68aa11cb7b4 main_color avia-section-default avia-no-shadow  avia-builder-el-0  el_before_av_one_third  avia-builder-el-first  avia-full-stretch av-parallax-section avia-bg-style-parallax av-minimum-height av-minimum-height-25  container_wrap sidebar_right'  data-section-bg-repeat='stretch' data-av_minimum_height_pc='25'><div class='av-parallax' data-avia-parallax-ratio='0.3' ><div class='av-parallax-inner main_color avia-full-stretch'><\/div><\/div><div class='container av-section-cont-open' ><main  role=\"main\" itemprop=\"mainContentOfPage\"  class='template-page content  av-content-small alpha units'><div class='post-entry post-entry-type-page post-entry-3133'><div class='entry-content-wrapper clearfix'><\/div><\/div><\/main><!-- close content main element --><\/div><\/div><div id='after_section_1'  class='main_color av_default_container_wrap container_wrap sidebar_right'  ><div class='container av-section-cont-open' ><div class='template-page content  av-content-small alpha units'><div class='post-entry post-entry-type-page post-entry-3133'><div class='entry-content-wrapper clearfix'>\n\n<style type=\"text\/css\" data-created_by=\"avia_inline_auto\" id=\"style-css-av-kkpvjx-c959278c01cbfaafeb5041b813b47ed5\">\n.flex_column.av-kkpvjx-c959278c01cbfaafeb5041b813b47ed5{\nborder-radius:0px 0px 0px 0px;\n-webkit-border-radius:0px 0px 0px 0px;\n-moz-border-radius:0px 0px 0px 0px;\n}\n<\/style>\n<div class='flex_column av-kkpvjx-c959278c01cbfaafeb5041b813b47ed5 av_one_third  avia-builder-el-1  el_after_av_section  el_before_av_two_third  avia-builder-el-first  first flex_column_div av-zero-column-padding '   ><section  class='av_textblock_section av-j94wvx-9ed190564f9666e6091846680d1c79ff'  itemscope=\"itemscope\" itemtype=\"https:\/\/schema.org\/CreativeWork\" ><div class='avia_textblock'  itemprop=\"text\" ><h2><strong>Essen und Trinken<\/strong><\/h2>\n<p>Sie k\u00f6nnen bei uns auch jederzeit geniessen von ein Getr\u00e4nk oder etwas zu essen. Nehmen Sie platz auf unserer Sonnenterrasse mit Blick auf die Rennstrecke und die sch\u00f6ne Natur, oder in unsere gem\u00fctliche Bar!<\/p>\n<div  class='avia-button-wrap avia-button-left  avia-builder-el-3  avia-builder-el-no-sibling ' ><a href='https:\/\/kartingvaals.nl\/wp-content\/uploads\/menukaart-2025.pdf' class='avia-button av-hf3xwd-844d837486fda9678bb21356bb342235 avia-icon_select-no avia-size-medium avia-position-left avia-color-theme-color' target=\"_blank\" rel=\"noopener noreferrer\"><span class='avia_iconbox_title' >Schauen Sie sich unsere Men\u00fckarte an<\/span><\/a><\/div>\n<p>Kaffee und Kuchen m\u00f6glich auf Reservierung.<\/p>\n<\/div><\/section><br \/>\n\n<style type=\"text\/css\" data-created_by=\"avia_inline_auto\" id=\"style-css-av-fpufr1-8a4241aa557a95c6d37d6b214cc1116d\">\n#top .hr.hr-invisible.av-fpufr1-8a4241aa557a95c6d37d6b214cc1116d{\nheight:50px;\n}\n<\/style>\n<div  class='hr av-fpufr1-8a4241aa557a95c6d37d6b214cc1116d hr-invisible  avia-builder-el-4  el_after_av_textblock  el_before_av_image '><span class='hr-inner '><span class=\"hr-inner-style\"><\/span><\/span><\/div><br \/>\n\n<style type=\"text\/css\" data-created_by=\"avia_inline_auto\" id=\"style-css-av-ek6qjx-5f8ac56fc553819b26bcded637218034\">\n.avia-image-container.av-ek6qjx-5f8ac56fc553819b26bcded637218034 .av-image-caption-overlay-center{\ncolor:#ffffff;\n}\n<\/style>\n<div  class='avia-image-container av-ek6qjx-5f8ac56fc553819b26bcded637218034 av-styling- avia-align-left  avia-builder-el-5  el_after_av_hr  avia-builder-el-last '  itemprop=\"image\" itemscope=\"itemscope\" itemtype=\"https:\/\/schema.org\/ImageObject\" ><div class=\"avia-image-container-inner\"><div class=\"avia-image-overlay-wrap\"><img decoding=\"async\" class='wp-image-4226 avia-img-lazy-loading-not-4226 avia_image' src=\"https:\/\/kartingvaals.nl\/wp-content\/uploads\/IMG_0630kopie-845x684.jpg\" alt='' title='IMG_0630kopie'  height=\"684\" width=\"845\"  itemprop=\"thumbnailUrl\" srcset=\"https:\/\/kartingvaals.nl\/wp-content\/uploads\/IMG_0630kopie-845x684.jpg 845w, https:\/\/kartingvaals.nl\/wp-content\/uploads\/IMG_0630kopie-495x400.jpg 495w\" sizes=\"(max-width: 845px) 100vw, 845px\" \/><\/div><\/div><\/div><\/p><\/div>\n\n<style type=\"text\/css\" data-created_by=\"avia_inline_auto\" id=\"style-css-av-cysju5-6942b287774886eb27dd751c219e09cc\">\n.flex_column.av-cysju5-6942b287774886eb27dd751c219e09cc{\nborder-radius:0px 0px 0px 0px;\n-webkit-border-radius:0px 0px 0px 0px;\n-moz-border-radius:0px 0px 0px 0px;\n}\n<\/style>\n<div class='flex_column av-cysju5-6942b287774886eb27dd751c219e09cc av_two_third  avia-builder-el-6  el_after_av_one_third  avia-builder-el-last  flex_column_div av-zero-column-padding '   ><section  class='av_textblock_section av-adeplp-049a5596e6b8a400590fb99458e3d7bb'  itemscope=\"itemscope\" itemtype=\"https:\/\/schema.org\/CreativeWork\" ><div class='avia_textblock'  itemprop=\"text\" ><h2><strong>Lunch und BBQ auf Reservierung<\/strong><\/h2>\n<p>Machen Sie ihr Arrangement komplett mit einem unserer herrlichen Lunches, BBQ&#8217;s oder Buffets.<\/p>\n<\/div><\/section><br \/>\n<div  class='tabcontainer av-8zwinh-ff4b93aaff50780d3d6f7d14eaff7ecd top_tab  avia-builder-el-8  el_after_av_textblock  el_before_av_textblock ' role='tablist'>\n<section class='av_tab_section av_tab_section av-2qzt65-441b0292eced37ff7d178404465d25d9'  itemscope=\"itemscope\" itemtype=\"https:\/\/schema.org\/CreativeWork\" ><div class='tab active_tab' role='tab' tabindex='0' data-fake-id='#tab-id-1' aria-controls='tab-id-1-content'  itemprop=\"headline\" >Lunch<\/div><div id='tab-id-1-content' class='tab_content active_tab_content' aria-hidden=\"false\"><div class='tab_inner_content invers-color'  itemprop=\"text\" ><h3><strong>Lunch \u201cPitstop\u201d\u00a0<\/strong><\/h3>\n<p>(ab 8 Personen)<\/p>\n<ul>\n<li>2 belegte Br\u00f6tchen (K\u00e4se , Schinken und Salami)<\/li>\n<li>Tasse Suppe<\/li>\n<li>Unbegrenzt Kaffee\/thee<\/li>\n<\/ul>\n<p><strong>Preis: \u20ac12,50 pro Person<\/strong><\/p>\n<h3><strong>Lunch \u201cGoede start\u201d\u00a0<\/strong><\/h3>\n<p>(ab 8 Personen)<\/p>\n<ul>\n<li>Halbe luxuri\u00f6s belegte Wrap<\/li>\n<li>Halbe luxuri\u00f6s belegte Baguette<\/li>\n<li>St\u00fcck Obst<\/li>\n<\/ul>\n<p><strong>Preis: \u20ac13,00 pro Person<\/strong><\/p>\n<h3><strong>Lunchbuffet \u201cWrap it up\u201d\u00a0<\/strong><\/h3>\n<p>(ab 8 Personen)<\/p>\n<ul>\n<li>Halbe luxuri\u00f6s belegte Wrap<\/li>\n<li>Halbe luxuri\u00f6s belegte Baguette<\/li>\n<li>Luxuri\u00f6s belegte Sandwich<\/li>\n<\/ul>\n<p><strong>Prijs: \u20ac15,00 pro Person<br \/>\nErg\u00e4nzung Tasse Suppe: \u20ac3,00 pro Person<\/strong><\/p>\n<h3><strong>Lunchbuffet \u201cMax\u201d\u00a0<\/strong><\/h3>\n<p>(ab 8 Personen)<\/p>\n<ul>\n<li>Grosses belegtes Br\u00f6tchen<\/li>\n<li>Fleishsalat<\/li>\n<li>Tasse Suppe<\/li>\n<\/ul>\n<p><strong>Prijs p.p.: \u20ac15,00<\/strong><\/p>\n<\/div><\/div><\/section>\n<section class='av_tab_section av_tab_section av-2tiwhp-5a28903b8c6d590dc6796c064cf5dbe2'  itemscope=\"itemscope\" itemtype=\"https:\/\/schema.org\/CreativeWork\" ><div class='tab' role='tab' tabindex='0' data-fake-id='#tab-id-2' aria-controls='tab-id-2-content'  itemprop=\"headline\" >BBQ\u2019s<\/div><div id='tab-id-2-content' class='tab_content' aria-hidden=\"true\"><div class='tab_inner_content invers-color'  itemprop=\"text\" ><h4>Unser BBQ-Fleisch wird immer frisch von Slagerij Kusters in Margraten geliefert. Damit garantieren wir stets ehrliche und vor allem schmackhafte Fleischqualit\u00e4t!<\/h4>\n<h3><strong>BBQ \u201cHamilton\u201d\u00a0<\/strong><\/h3>\n<p>(ab 8 Personen)<\/p>\n<ul>\n<li>Br\u00f6tchen Hamburger<\/li>\n<li>Br\u00f6tchen Frikandel<\/li>\n<li>Gurken, Tomaten<\/li>\n<li>Gebakkene Zwiebeln<\/li>\n<li>Mayo, Ketchup, Curry<\/li>\n<\/ul>\n<p><strong>Preis: \u20ac9,00 pro Person<\/strong><\/p>\n<h3><strong>BBQ \u201cBottas\u201d<\/strong><\/h3>\n<p>(ab 8 Personen)<\/p>\n<ul>\n<li>Grillwurst<\/li>\n<li>Hamburger<\/li>\n<li>Frikandel<\/li>\n<li>Br\u00f6tchen<\/li>\n<li>Kartoffelsalat<\/li>\n<li>Gurken, Tomaten, Zwiebeln<\/li>\n<li>Knoblauchsosse, Mayo, Ketchup, Curry<\/li>\n<\/ul>\n<p><strong>Preis: \u20ac12,50 pro Person<\/strong><\/p>\n<h3><strong>BBQ \u201c Ricciardo\u201d <\/strong><\/h3>\n<p>(ab 10 Personen)<strong>\u00a0\u00a0\u00a0\u00a0\u00a0\u00a0\u00a0\u00a0\u00a0\u00a0\u00a0 <\/strong><\/p>\n<ul>\n<li>H\u00fchnerspiess<\/li>\n<li>Gyros Spiess<\/li>\n<li>Hamburger (Rindfleisch)<\/li>\n<li>Fleishsalat<\/li>\n<li>Rohkost<\/li>\n<li>Gemischter Salat<\/li>\n<li>Barbecuesosse<\/li>\n<li>Knoblauchsosse<\/li>\n<li>Cocktailsosse<\/li>\n<li>Stangenbrott<\/li>\n<li>Kr\u00e4uterbutter<\/li>\n<\/ul>\n<p><strong>Preis: \u20ac18,50 pro Person<\/strong><\/p>\n<h3><strong>BBQ \u201c Vettel\u201d <\/strong><\/h3>\n<p>(ab 10 Personen)<strong>\u00a0\u00a0\u00a0\u00a0\u00a0\u00a0\u00a0\u00a0\u00a0\u00a0\u00a0 <\/strong><\/p>\n<ul>\n<li>Mariniertes Kotelett<\/li>\n<li>Mariniertes Bauchspeck<\/li>\n<li>Grillwurst<\/li>\n<li>Hamburger (Rindfleish)<\/li>\n<li>Fleishsalat<\/li>\n<li>Rohkost<\/li>\n<li>Gemischter Salat<\/li>\n<li>Barbecuesosse<\/li>\n<li>Knoblauchsosse<\/li>\n<li>Cocktailsosse<\/li>\n<li>Stangenbrott<\/li>\n<li>Kr\u00e4uterbutter<\/li>\n<\/ul>\n<p><strong>Preis: \u20ac19,50 pro Person<\/strong><\/p>\n<h3><strong>BBQ \u201cVerstappen<\/strong><strong>\u201d<\/strong><\/h3>\n<p>(ab 10 Personen)<\/p>\n<ul>\n<li>Mariniertes H\u00fchnerfilet<\/li>\n<li>Mariniertes Bauchspeck<\/li>\n<li>Grillwurst<\/li>\n<li>Hamburger (Rindfleish)<\/li>\n<li>Feuerwerk Spiess (kr\u00e4ftig gew\u00fcrzte Hackfleischspiess)<\/li>\n<li>Fleishsalat<\/li>\n<li>Rohkost<\/li>\n<li>Gemischter Salat<\/li>\n<li>Barbecuesosse<\/li>\n<li>Knoblauchsosse<\/li>\n<li>Cocktailsosse<\/li>\n<li>Stangenbrott<\/li>\n<li>Kr\u00e4uterbutter<\/li>\n<\/ul>\n<p><strong>Preis: \u20ac22,50 pro Person<\/strong><\/p>\n<h3><strong>BBQ \u201cRa\u00efkk\u00f6nen<\/strong><strong>\u201d<\/strong><\/h3>\n<p>(ab 10 Personen)<strong>\u00a0 \u00a0 \u00a0 \u00a0 \u00a0 \u00a0<\/strong><\/p>\n<ul>\n<li>Marinierten Rinderspiess<\/li>\n<li>Souvlaki Burger<\/li>\n<li>Marinierten Schweinefilet<\/li>\n<li>Scampispiess<\/li>\n<li>Fleishsalat<\/li>\n<li>Rohkost<\/li>\n<li>Gemischter Salat<\/li>\n<li>Barbecuesosse<\/li>\n<li>Knoblauchsosse<\/li>\n<li>Cocktailsosse<\/li>\n<li>Stangenbrott<\/li>\n<li>Kr\u00e4uterbutter<\/li>\n<\/ul>\n<p><strong>Preis: \u20ac23,50 pro Person<\/strong><\/p>\n<h3><strong>BBQ <\/strong><strong>\u201cPerez<\/strong><strong>\u201d<\/strong><\/h3>\n<p>(ab 10 Personen)<strong>\u00a0 \u00a0\u00a0<\/strong><\/p>\n<ul>\n<li>Smokey Burger 200g<\/li>\n<li>Marinierten Ribeye steak 180g<\/li>\n<li>Gyros Spiess 100g<\/li>\n<li>Fleishsalat<\/li>\n<li>Rohkost<\/li>\n<li>Gemischter Salat<\/li>\n<li>Barbecuesosse<\/li>\n<li>Knoblauchsosse<\/li>\n<li>Cocktailsosse<\/li>\n<li>Stangenbrott<\/li>\n<li>Kr\u00e4uterbutter<\/li>\n<\/ul>\n<p><strong>Preis: \u20ac25,00 pro Person<\/strong><\/p>\n<\/div><\/div><\/section>\n<\/div><br \/>\n<section  class='av_textblock_section av-2gyfwt-34b4f40f4d1b407596898b2cf3d16ca2'  itemscope=\"itemscope\" itemtype=\"https:\/\/schema.org\/CreativeWork\" ><div class='avia_textblock'  itemprop=\"text\" ><p>Unsere Verpflegungsarrangements bitte immer vorab reservieren.<br \/>\nAufpreis f\u00fcr Personal: \u20ac 15,00 pro Stunde, max 3 Std.<\/p>\n<p><strong>Ihr Arrangement nach Ma\u00df<\/strong><br \/>\nSie haben spezielle W\u00fcnsche und Vorstellungen? <a title=\"Kontakt\" href=\"http:\/\/www.kartingvaals.nl\/de\/kontakte\/\">Kontaktieren Sie uns einfach<\/a>, gerne machen wir Ihnen ein individuelles Angebot nach Ma\u00df.<\/p>\n<\/div><\/section><\/p><\/div>\n","protected":false},"excerpt":{"rendered":"","protected":false},"author":18,"featured_media":0,"parent":1419,"menu_order":5,"comment_status":"closed","ping_status":"closed","template":"","meta":{"footnotes":"","_links_to":"","_links_to_target":""},"class_list":["post-3133","page","type-page","status-publish","hentry"],"_links":{"self":[{"href":"https:\/\/kartingvaals.nl\/de\/wp-json\/wp\/v2\/pages\/3133","targetHints":{"allow":["GET"]}}],"collection":[{"href":"https:\/\/kartingvaals.nl\/de\/wp-json\/wp\/v2\/pages"}],"about":[{"href":"https:\/\/kartingvaals.nl\/de\/wp-json\/wp\/v2\/types\/page"}],"author":[{"embeddable":true,"href":"https:\/\/kartingvaals.nl\/de\/wp-json\/wp\/v2\/users\/18"}],"replies":[{"embeddable":true,"href":"https:\/\/kartingvaals.nl\/de\/wp-json\/wp\/v2\/comments?post=3133"}],"version-history":[{"count":39,"href":"https:\/\/kartingvaals.nl\/de\/wp-json\/wp\/v2\/pages\/3133\/revisions"}],"predecessor-version":[{"id":5429,"href":"https:\/\/kartingvaals.nl\/de\/wp-json\/wp\/v2\/pages\/3133\/revisions\/5429"}],"up":[{"embeddable":true,"href":"https:\/\/kartingvaals.nl\/de\/wp-json\/wp\/v2\/pages\/1419"}],"wp:attachment":[{"href":"https:\/\/kartingvaals.nl\/de\/wp-json\/wp\/v2\/media?parent=3133"}],"curies":[{"name":"wp","href":"https:\/\/api.w.org\/{rel}","templated":true}]}}