{"id":3782,"date":"2013-02-19T10:27:17","date_gmt":"2013-02-19T09:27:17","guid":{"rendered":"https:\/\/kartingvaals.nl\/preise\/cadeaubon\/"},"modified":"2017-03-22T17:56:04","modified_gmt":"2017-03-22T16:56:04","slug":"cadeaubon","status":"publish","type":"page","link":"https:\/\/kartingvaals.nl\/de\/preise\/cadeaubon\/","title":{"rendered":"Gutschein"},"content":{"rendered":"<section  class='av_textblock_section av-av_textblock-396ddf1f42196ca838231e61a4602801'  itemscope=\"itemscope\" itemtype=\"https:\/\/schema.org\/CreativeWork\" ><div class='avia_textblock'  itemprop=\"text\" ><h2>Sehr sch\u00f6n zum verschenken!<\/h2>\n<p>An der Kasse bei Outdoor Karting Vaals k\u00f6nnen Sie Gutscheine erhalten, indem gew\u00fcnscht k\u00f6nnen wir diese auch zuschicken. Sie bestimmen selber den Betrag den Sie verschenken m\u00f6chten. Toll um zu geben, toll um zu kriegen! Gutscheine sind 1 Jahr g\u00fcltig.<\/p>\n<p><img loading=\"lazy\" decoding=\"async\" class=\"alignnone size-full wp-image-1196\" src=\"http:\/\/www.kartingvaals.nl\/wp-content\/uploads\/okv_cadeaubon.png\" alt=\"Cadeaubon\" width=\"550\" height=\"259\" srcset=\"https:\/\/kartingvaals.nl\/wp-content\/uploads\/okv_cadeaubon.png 550w, https:\/\/kartingvaals.nl\/wp-content\/uploads\/okv_cadeaubon-300x141.png 300w, https:\/\/kartingvaals.nl\/wp-content\/uploads\/okv_cadeaubon-530x249.png 530w\" sizes=\"auto, (max-width: 550px) 100vw, 550px\" \/><\/p>\n<\/div><\/section>\n","protected":false},"excerpt":{"rendered":"","protected":false},"author":18,"featured_media":0,"parent":1419,"menu_order":0,"comment_status":"closed","ping_status":"open","template":"","meta":{"footnotes":"","_links_to":"","_links_to_target":""},"class_list":["post-3782","page","type-page","status-publish","hentry"],"_links":{"self":[{"href":"https:\/\/kartingvaals.nl\/de\/wp-json\/wp\/v2\/pages\/3782","targetHints":{"allow":["GET"]}}],"collection":[{"href":"https:\/\/kartingvaals.nl\/de\/wp-json\/wp\/v2\/pages"}],"about":[{"href":"https:\/\/kartingvaals.nl\/de\/wp-json\/wp\/v2\/types\/page"}],"author":[{"embeddable":true,"href":"https:\/\/kartingvaals.nl\/de\/wp-json\/wp\/v2\/users\/18"}],"replies":[{"embeddable":true,"href":"https:\/\/kartingvaals.nl\/de\/wp-json\/wp\/v2\/comments?post=3782"}],"version-history":[{"count":4,"href":"https:\/\/kartingvaals.nl\/de\/wp-json\/wp\/v2\/pages\/3782\/revisions"}],"predecessor-version":[{"id":3794,"href":"https:\/\/kartingvaals.nl\/de\/wp-json\/wp\/v2\/pages\/3782\/revisions\/3794"}],"up":[{"embeddable":true,"href":"https:\/\/kartingvaals.nl\/de\/wp-json\/wp\/v2\/pages\/1419"}],"wp:attachment":[{"href":"https:\/\/kartingvaals.nl\/de\/wp-json\/wp\/v2\/media?parent=3782"}],"curies":[{"name":"wp","href":"https:\/\/api.w.org\/{rel}","templated":true}]}}